{"id":3906,"date":"2023-09-15T13:29:24","date_gmt":"2023-09-15T11:29:24","guid":{"rendered":"https:\/\/www.pge.pl\/?page_id=3906"},"modified":"2023-09-15T13:29:25","modified_gmt":"2023-09-15T11:29:25","slug":"polityka-cookies","status":"publish","type":"page","link":"https:\/\/www.pge.pl\/en\/polityka-cookies\/","title":{"rendered":"Polityka Cookies"},"content":{"rendered":"<h2 style=\"text-align: center;\">\u00a71 Rodzaje Plik\u00f3w Cookies<\/h2>\n<ul>\n<li><strong>Cookies wewn\u0119trzne<\/strong>\u00a0&#8211; pliki zamieszczane i odczytywane z Urz\u0105dzenia U\u017cytkownika przez system teleinformatyczny Serwisu<\/li>\n<li><strong>Cookies zewn\u0119trzne<\/strong>\u00a0&#8211; pliki zamieszczane i odczytywane z Urz\u0105dzenia U\u017cytkownika przez systemy teleinformatyczne Serwis\u00f3w zewn\u0119trznych. Skrypty Serwis\u00f3w zewn\u0119trznych, kt\u00f3re mog\u0105 umieszcza\u0107 pliki Cookies na Urz\u0105dzeniach U\u017cytkownika zosta\u0142y \u015bwiadomie umieszczone w Serwisie poprzez skrypty i us\u0142ugi udost\u0119pnione i zainstalowane w Serwisie<\/li>\n<li><strong>Cookies sesyjne<\/strong>\u00a0&#8211; pliki zamieszczane i odczytywane z Urz\u0105dzenia U\u017cytkownika przez Serwis\u00a0podczas jednej sesji danego Urz\u0105dzenia. Po zako\u0144czeniu sesji pliki s\u0105 usuwane z Urz\u0105dzenia U\u017cytkownika.<\/li>\n<li><strong>Cookies trwa\u0142e<\/strong>\u00a0&#8211; pliki zamieszczane i odczytywane z Urz\u0105dzenia U\u017cytkownika przez Serwis\u00a0do momentu ich r\u0119cznego usuni\u0119cia. Pliki nie s\u0105 usuwane automatycznie po zako\u0144czeniu sesji Urz\u0105dzenia chyba \u017ce konfiguracja Urz\u0105dzenia U\u017cytkownika jest ustawiona na tryb usuwanie plik\u00f3w Cookie po zako\u0144czeniu sesji Urz\u0105dzenia.<\/li>\n<\/ul>\n<h2 style=\"text-align: center;\">\u00a72 Bezpiecze\u0144stwo sk\u0142adowania danych<\/h2>\n<ul>\n<li><strong>Mechanizmy sk\u0142adowania i odczytu plik\u00f3w Cookie<\/strong>\u00a0&#8211; Mechanizmy sk\u0142adowania, odczytu i wymiany danych pomi\u0119dzy Plikami Cookies zapisywanymi na Urz\u0105dzeniu U\u017cytkownika a Serwisem s\u0105 realizowane poprzez wbudowane mechanizmy przegl\u0105darek internetowych i nie pozwalaj\u0105 na pobieranie innych danych z Urz\u0105dzenia U\u017cytkownika lub danych innych witryn internetowych, kt\u00f3re odwiedza\u0142 U\u017cytkownik, w tym danych osobowych ani informacji poufnych. Przeniesienie na Urz\u0105dzenie U\u017cytkownika wirus\u00f3w, koni troja\u0144skich oraz innych robak\u00f3w jest tak\u017ce praktycznie niemo\u017cliwe.<\/li>\n<li><strong>Cookie wewn\u0119trzne<\/strong>\u00a0&#8211; zastosowane przez Administratora pliki Cookie s\u0105 bezpieczne dla Urz\u0105dze\u0144 U\u017cytkownik\u00f3w i nie zawieraj\u0105 skrypt\u00f3w, tre\u015bci lub informacji mog\u0105cych zagra\u017ca\u0107 bezpiecze\u0144stwu danych osobowych lub bezpiecze\u0144stwu Urz\u0105dzenia z kt\u00f3rego korzysta U\u017cytkownik.<\/li>\n<li><strong>Cookie zewn\u0119trzne<\/strong>\u00a0&#8211; Administrator dokonuje wszelkich mo\u017cliwych dzia\u0142a\u0144 w celu weryfikacji i doboru partner\u00f3w serwisu w kontek\u015bcie bezpiecze\u0144stwa U\u017cytkownik\u00f3w. Administrator do wsp\u00f3\u0142pracy dobiera znanych, du\u017cych partner\u00f3w o globalnym zaufaniu spo\u0142ecznym. Nie posiada on jednak pe\u0142nej kontroli nad zawarto\u015bci\u0105 plik\u00f3w Cookie pochodz\u0105cych od zewn\u0119trznych partner\u00f3w. Za bezpiecze\u0144stwo plik\u00f3w Cookie, ich zawarto\u015b\u0107 oraz zgodne z licencj\u0105 wykorzystanie przez zainstalowane w serwisie Skrypty, pochodz\u0105cych z Serwis\u00f3w zewn\u0119trznych, Administrator nie ponosi odpowiedzialno\u015bci na tyle na ile pozwala na to prawo. Lista partner\u00f3w zamieszczona jest w dalszej cz\u0119\u015bci Polityki Prywatno\u015bci.<\/li>\n<li><strong>Kontrola plik\u00f3w Cookie<\/strong>\n<ul>\n<li>U\u017cytkownik mo\u017ce w dowolnym momencie, samodzielnie zmieni\u0107 ustawienia dotycz\u0105ce zapisywania, usuwania oraz dost\u0119pu do danych zapisanych plik\u00f3w Cookies przez ka\u017cd\u0105 witryn\u0119 internetow\u0105<\/li>\n<li>Informacje o sposobie wy\u0142\u0105czenia plik\u00f3w Cookie w najpopularniejszych przegl\u0105darkach komputerowych dost\u0119pne s\u0105 na stronie:\u00a0<a href=\"https:\/\/nety.pl\/jak-wylaczyc-pliki-cookie\/\" rel=\"external nofollow noopener\" target=\"_blank\">jak wy\u0142\u0105czy\u0107 cookie<\/a>\u00a0lub u jednego ze wskazanych dostawc\u00f3w:\n<ul>\n<li><a href=\"https:\/\/support.google.com\/accounts\/answer\/61416?co=GENIE.Platform%3DDesktop&amp;hl=pl\" rel=\"nofollow external noopener\" target=\"_blank\">Zarz\u0105dzanie plikami cookies w przegl\u0105darce\u00a0<strong>Chrome<\/strong><\/a><\/li>\n<li><a href=\"https:\/\/help.opera.com\/pl\/latest\/web-preferences\/\" rel=\"nofollow external noopener\" target=\"_blank\">Zarz\u0105dzanie plikami cookies w przegl\u0105darce\u00a0<strong>Opera<\/strong><\/a><\/li>\n<li><a href=\"https:\/\/support.mozilla.org\/pl\/kb\/blokowanie-ciasteczek\" rel=\"nofollow external noopener\" target=\"_blank\">Zarz\u0105dzanie plikami cookies w przegl\u0105darce\u00a0<strong>FireFox<\/strong><\/a><\/li>\n<li><a href=\"https:\/\/support.microsoft.com\/pl-pl\/help\/4027947\/microsoft-edge-delete-cookies\" rel=\"nofollow external noopener\" target=\"_blank\">Zarz\u0105dzanie plikami cookies w przegl\u0105darce\u00a0<strong>Edge<\/strong><\/a><\/li>\n<li><a href=\"https:\/\/support.apple.com\/pl-pl\/guide\/safari\/sfri11471\/mac\" rel=\"nofollow external noopener\" target=\"_blank\">Zarz\u0105dzanie plikami cookies w przegl\u0105darce\u00a0<strong>Safari<\/strong><\/a><\/li>\n<li><a href=\"https:\/\/windows.microsoft.com\/pl-pl\/internet-explorer\/delete-manage-cookies#ie=ie-11\" rel=\"nofollow external noopener\" target=\"_blank\">Zarz\u0105dzanie plikami cookies w przegl\u0105darce\u00a0<strong>Internet Explorer 11<\/strong><\/a><\/li>\n<\/ul>\n<\/li>\n<li>U\u017cytkownik mo\u017ce w dowolnym momencie usun\u0105\u0107 wszelkie zapisane do tej pory pliki Cookie korzystaj\u0105c z narz\u0119dzi Urz\u0105dzenia U\u017cytkownika, za po\u015brednictwem kt\u00f3rego U\u017cytkownik korzysta z us\u0142ug Serwisu.<\/li>\n<\/ul>\n<\/li>\n<li><strong>Zagro\u017cenia po stronie U\u017cytkownika\u00a0<\/strong>&#8211; Administrator stosuje wszelkie mo\u017cliwe \u015brodki techniczne w celu zapewnienia bezpiecze\u0144stwa danych umieszczanych w plikach Cookie. Nale\u017cy jednak zwr\u00f3ci\u0107 uwag\u0119, \u017ce zapewnienie bezpiecze\u0144stwa tych danych zale\u017cy od obu stron w tym dzia\u0142alno\u015bci U\u017cytkownika. Administrator nie bierze odpowiedzialno\u015bci za przechwycenie tych danych, podszycie si\u0119 pod sesj\u0119 U\u017cytkownika lub ich usuni\u0119cie, na skutek \u015bwiadomej lub nie\u015bwiadomej dzia\u0142alno\u015b\u0107 U\u017cytkownika, wirus\u00f3w, koni troja\u0144skich i innego oprogramowania szpieguj\u0105cego, kt\u00f3rymi mo\u017ce jest lub by\u0142o zainfekowane Urz\u0105dzenie U\u017cytkownika. U\u017cytkownicy w celu zabezpieczenia si\u0119 przed tymi zagro\u017ceniami powinni stosowa\u0107 si\u0119 do\u00a0<a href=\"https:\/\/nety.pl\/cyberbezpieczenstwo\/\" rel=\"external nofollow noopener\" target=\"_blank\">zalece\u0144 bezpiecznego korzystania z sieci<\/a>.<\/li>\n<li><strong>Przechowywanie danych osobowych<\/strong>\u00a0&#8211; Administrator zapewnia, \u017ce dokonuje wszelkich stara\u0144, by przetwarzane dane osobowe wprowadzone dobrowolnie przez U\u017cytkownik\u00f3w by\u0142y bezpieczne, dost\u0119p do nich by\u0142 ograniczony i realizowany zgodnie z ich przeznaczeniem i celami przetwarzania. Administrator zapewnia tak\u017ce, \u017ce dokonuje wszelkich stara\u0144 w celu zabezpieczenia posiadanych danych przed ich utrat\u0105, poprzez stosowanie odpowiednich zabezpiecze\u0144 fizycznych jak i organizacyjnych.<\/li>\n<li><strong>Przechowywanie hase\u0142<\/strong>\u00a0&#8211; Administrator o\u015bwiadcza, \u017ce has\u0142a przechowywane s\u0105 w zaszyfrowanej postaci, u\u017cywaj\u0105c najnowszych standard\u00f3w i wytycznych w tym zakresie. Deszyfracja podawanych w Serwisie hase\u0142 dost\u0119pu do konta jest praktycznie niemo\u017cliwa.<\/li>\n<\/ul>\n<h2 style=\"text-align: center;\">\u00a73 Cele do kt\u00f3rych wykorzystywane s\u0105 pliki Cookie<\/h2>\n<ul id=\"cele\">\n<li>Usprawnienie i u\u0142atwienie dost\u0119pu do Serwisu<\/li>\n<li>Personalizacja Serwisu dla U\u017cytkownik\u00f3w<\/li>\n<li>Umo\u017cliwienie Logowania do serwisu<\/li>\n<\/ul>","protected":false},"excerpt":{"rendered":"<p>\u00a71 Rodzaje Plik\u00f3w Cookies Cookies wewn\u0119trzne\u00a0&#8211; pliki zamieszczane i odczytywane z Urz\u0105dzenia U\u017cytkownika przez system teleinformatyczny Serwisu Cookies zewn\u0119trzne\u00a0&#8211; pliki zamieszczane i odczytywane z Urz\u0105dzenia U\u017cytkownika przez systemy teleinformatyczne Serwis\u00f3w zewn\u0119trznych. Skrypty Serwis\u00f3w zewn\u0119trznych, kt\u00f3re mog\u0105 umieszcza\u0107 pliki Cookies na Urz\u0105dzeniach U\u017cytkownika zosta\u0142y \u015bwiadomie umieszczone w Serwisie poprzez skrypty i us\u0142ugi udost\u0119pnione i zainstalowane w&#8230;<\/p>","protected":false},"author":1,"featured_media":0,"parent":0,"menu_order":0,"comment_status":"closed","ping_status":"closed","template":"","meta":{"_kad_blocks_custom_css":"","_kad_blocks_head_custom_js":"","_kad_blocks_body_custom_js":"","_kad_blocks_footer_custom_js":"","_kad_post_transparent":"","_kad_post_title":"","_kad_post_layout":"","_kad_post_sidebar_id":"","_kad_post_content_style":"","_kad_post_vertical_padding":"","_kad_post_feature":"","_kad_post_feature_position":"","_kad_post_header":false,"_kad_post_footer":false,"_kad_post_classname":"","footnotes":""},"class_list":["post-3906","page","type-page","status-publish","hentry"],"taxonomy_info":[],"featured_image_src_large":false,"author_info":{"display_name":"michal","author_link":"https:\/\/www.pge.pl\/en\/author\/michal\/"},"comment_info":0,"_links":{"self":[{"href":"https:\/\/www.pge.pl\/en\/wp-json\/wp\/v2\/pages\/3906","targetHints":{"allow":["GET"]}}],"collection":[{"href":"https:\/\/www.pge.pl\/en\/wp-json\/wp\/v2\/pages"}],"about":[{"href":"https:\/\/www.pge.pl\/en\/wp-json\/wp\/v2\/types\/page"}],"author":[{"embeddable":true,"href":"https:\/\/www.pge.pl\/en\/wp-json\/wp\/v2\/users\/1"}],"replies":[{"embeddable":true,"href":"https:\/\/www.pge.pl\/en\/wp-json\/wp\/v2\/comments?post=3906"}],"version-history":[{"count":2,"href":"https:\/\/www.pge.pl\/en\/wp-json\/wp\/v2\/pages\/3906\/revisions"}],"predecessor-version":[{"id":4250,"href":"https:\/\/www.pge.pl\/en\/wp-json\/wp\/v2\/pages\/3906\/revisions\/4250"}],"wp:attachment":[{"href":"https:\/\/www.pge.pl\/en\/wp-json\/wp\/v2\/media?parent=3906"}],"curies":[{"name":"wp","href":"https:\/\/api.w.org\/{rel}","templated":true}]}}