{"id":29,"date":"2023-06-13T14:07:54","date_gmt":"2023-06-13T12:07:54","guid":{"rendered":"https:\/\/www.pge.pl\/?page_id=29"},"modified":"2025-03-14T09:40:10","modified_gmt":"2025-03-14T08:40:10","slug":"przetargi-i-ogloszenia","status":"publish","type":"page","link":"https:\/\/www.pge.pl\/en\/przetargi-i-ogloszenia\/","title":{"rendered":"Tenders"},"content":{"rendered":"<style>.wp-block-kadence-advancedheading.kt-adv-heading29_4e62a1-5f, .wp-block-kadence-advancedheading.kt-adv-heading29_4e62a1-5f[data-kb-block=\"kb-adv-heading29_4e62a1-5f\"]{font-size:var(--global-kb-font-size-lg, 2rem);font-style:normal;}.wp-block-kadence-advancedheading.kt-adv-heading29_4e62a1-5f mark.kt-highlight, .wp-block-kadence-advancedheading.kt-adv-heading29_4e62a1-5f[data-kb-block=\"kb-adv-heading29_4e62a1-5f\"] mark.kt-highlight{font-style:normal;color:#f76a0c;-webkit-box-decoration-break:clone;box-decoration-break:clone;padding-top:0px;padding-right:0px;padding-bottom:0px;padding-left:0px;}.wp-block-kadence-advancedheading.kt-adv-heading29_4e62a1-5f img.kb-inline-image, .wp-block-kadence-advancedheading.kt-adv-heading29_4e62a1-5f[data-kb-block=\"kb-adv-heading29_4e62a1-5f\"] img.kb-inline-image{width:150px;vertical-align:baseline;}<\/style>\n<h2 class=\"kt-adv-heading29_4e62a1-5f wp-block-kadence-advancedheading\" data-kb-block=\"kb-adv-heading29_4e62a1-5f\">Aktualne<br>przetargi i og\u0142oszenia<\/h2>\n\n\n\n<div class=\"wp-block-wpfd-wpfd-category\"><script type=\"text\/x-handlebars-template\"        id=\"wpfd-template-table-categories-12\">    <div class=\"wpfd-categories hide\">{{#if category}}{{#with category}}{{#if parent}}<a class=\"catlink backcategory\" href=\"#\" data-idcat=\"{{parent}}\">                        <i class=\"zmdi zmdi-chevron-left\"><\/i><span>Back<\/span><\/a>{{\/if}}{{\/with}}{{\/if}}{{#if category.desc}}<div class=\"wpfd-category-desc\">{{category.desc}}<\/div>{{\/if}}<\/div><\/script><script type=\"text\/x-handlebars-template\" id=\"wpfd-template-table-12\">    {{#if files}}    {{#each files}}    <tr class=\"file {{class}} {{ext}}\" data-id=\"{{ID}}\" data-catid=\"{{catid}}\">        <input type=\"hidden\" class=\"wpfd_file_preview_link_download\" value=\"{{linkdownload}}\" data-filetitle=\"{{post_title}}\" data-fileicons=\"ext ext-{{ext}} wpfd-icon-set-svg\" \/>    <td class=\"file_title\"><a class=\"wpfd_downloadlink\" href=\"{{linkdownload}}\"  title=\"{{post_title}}\" target=\"{{#if remote_file}}_blank{{\/if}}\"><span class=\"extcol\">{{#if file_custom_icon}}<span class=\"icon-custom\"><img decoding=\"async\" src=\"{{file_custom_icon}}\"><\/span>{{else}}<span class=\"ext ext-{{ext}} wpfd-icon-set-svg\"><\/span>{{\/if}}<\/span><span class=\"wpfd-file-crop-title\">{{{crop_title}}}<\/span><\/a><\/td><td class=\"file_desc\">{{{description}}}<\/td>                    <td class=\"col-download\">                <a class=\"downloadlink wpfd_downloadlink\"  href=\"{{linkdownload}}\"  style=\"background-color:rgba(35, 52, 117, 1);color:#ffffff;\" target=\"{{#if remote_file}}_blank{{\/if}}\">Download<i class=\"zmdi zmdi-cloud-download wpfd-download\"><\/i><\/a>{{#if openpdflink}}<a class=\"openlink wpfd_previewlink\" href=\"{{openpdflink}}\"  target=\"_blank\">Preview                            <i class=\"zmdi zmdi-filter-center-focus wpfd-preview\"><\/i>                        <\/a>{{else}}{{#if viewerlink}}<a                            href=\"{{viewerlink}}\"                                                        class=\"openlink wpfd_previewlink\"                            target=\"_blank\"                            data-id=\"{{ID}}\"                            data-catid=\"{{catid}}\"                            data-file-type=\"{{ext}}\">Preview<i class=\"zmdi zmdi-filter-center-focus wpfd-preview\"><\/i>                        <\/a>{{\/if}}{{\/if}}            <\/td>            <\/tr>    {{\/each}}    {{\/if}}<\/script><div class=\"wpfd-content wpfd-content-table wpfd-content-multi colstyle-hide wpfd-content-category-clouds\" data-category=\"12\"              style=\"background-color: rgba(255, 255, 255, 0);\"><input type=\"hidden\" id=\"current_category_12\" value=\"12\" \/>                    <input type=\"hidden\" id=\"current_category_slug_12\" value=\"przetargi-i-ogloszenia\" \/>                    <input type=\"hidden\" id=\"current_ordering_12\" value=\"ordering\" \/>                    <input type=\"hidden\" id=\"current_ordering_direction_12\" value=\"asc\" \/>                    <input type=\"hidden\" id=\"page_limit_12\" value=\"50\" \/><input type=\"hidden\" id=\"wpfd_display_empty_category_message\" value=\"0\" \/><input type=\"hidden\" id=\"wpfd_empty_category_message_val\" value=\"This file category has no files to display\" \/><input type=\"hidden\" id=\"wpfd_display_empty_folder\" value=\"0\" \/><input type=\"hidden\" id=\"wpfd_is_empty_subcategories\" value=\"1\" \/><input type=\"hidden\" id=\"wpfd_is_empty_files\" value=\"1\" \/><input type=\"hidden\" id=\"wpfd_root_category_id\" class=\"wpfd_root_category_id\" value=\"12\" \/><input type=\"hidden\" id=\"wpfd_root_category_theme\" class=\"wpfd_root_category_theme\" value=\"table\" \/><input type=\"hidden\" id=\"wpfd_root_category_clone_theme_type\" class=\"wpfd_root_category_clone_theme_type\" value=\"none\" \/><input type=\"hidden\" id=\"wpfd_root_category_type\" class=\"wpfd_root_category_type\" value=\"12\" \/><input type=\"hidden\" id=\"wpfd_category_notify_file_changes\" class=\"wpfd_category_notify_file_changes\" value=\"0\" \/><input type=\"hidden\" id=\"wpfd_global_notify_file_changes\" class=\"wpfd_global_notify_file_changes\" value=\"0\" \/><input type=\"hidden\" id=\"wpfd_download_selected\" class=\"wpfd_download_selected\" value=\"0\" \/><input type=\"hidden\" id=\"wpfd_user_login\" class=\"wpfd_user_login\" value=\"0\" \/><div class=\"wpfd-content-header-section\"><\/div><div class=\"wpfd-container\">        <div class=\"wpfd-open-tree\"><\/div>    <div class=\"wpfd-container-table  \">        <div class=\"wpfd-categories hide\"><div class=\"wpfd-category-desc\"><\/div><\/div>        <table class=\"wpfd-search-result wpfd-table wpfd-table-bordered wpfd-table-striped wpfd-table-0 mediaTable wpfd-theme-rows\">            <thead>                <tr>                    <th class=\"essential persist file_title\">Title<\/th><th class=\"optional file_desc\">Description<\/th><th class=\"essential file_download file_download_tbl\">Download<\/th>                <\/tr>            <\/thead>            <tbody>                                            <tr class=\"file pdf\" data-id=\"4217\"                    data-catid=\"12\">                                        <input type=\"hidden\" class=\"wpfd_file_preview_link_download\" value=\"https:\/\/www.pge.pl\/download\/12\/przetargi-i-ogloszenia\/4217\/informacja-2.pdf\"                           data-filetitle=\"Informacja\" data-fileicons=\"ext ext-pdf wpfd-icon-set-svg\" \/>                    <td class=\"file_title\"><a class=\"wpfd_downloadlink\" href=\"https:\/\/www.pge.pl\/download\/12\/przetargi-i-ogloszenia\/4217\/informacja-2.pdf\"  title=\"Informacja\" target=\"\"><span class=\"extcol\"><span class=\"ext ext-pdf wpfd-icon-set-svg\"><\/span><\/span><span class=\"wpfd-file-crop-title\">Informacja<\/span><\/a><\/td><td class=\"file_desc\">dotyczy post\u0119powania: Zam\u00f3wienie na opracowanie kompletnej dokumentacji projektowo - kosztorysowej dotycz\u0105cej modernizacji\/budowy o\u015bwietlenia na terenie Nabrze\u017ca Dworzec Drzewny<\/td>                                            <td class=\"file_download_tbl col-download\">                            <a class=\"downloadlink wpfd_downloadlink\"  href=\"https:\/\/www.pge.pl\/download\/12\/przetargi-i-ogloszenia\/4217\/informacja-2.pdf\"  style=\"background-color:rgba(35, 52, 117, 1);color:#ffffff;\" target=\"\">Download<i class=\"zmdi zmdi-cloud-download wpfd-download\"><\/i><\/a><a class=\"openlink wpfd_previewlink\" href=\"https:\/\/www.pge.pl\/wp-admin\/admin-ajax.php?juwpfisadmin=false&#038;action=wpfd&#038;task=file.download&#038;wpfd_category_id=12&#038;wpfd_file_id=4217&#038;token=&#038;preview=1\"  target=\"_blank\">Preview                            <i class=\"zmdi zmdi-filter-center-focus wpfd-preview\"><\/i>                        <\/a>                        <\/td>                                    <\/tr>                                                            <tr class=\"file pdf\" data-id=\"3901\"                    data-catid=\"12\">                                        <input type=\"hidden\" class=\"wpfd_file_preview_link_download\" value=\"https:\/\/www.pge.pl\/download\/12\/przetargi-i-ogloszenia\/3901\/ogloszenie-w-sprawie-wynajmu-powierzchni-biurowych-na-terenie-pge-s-a-2.pdf\"                           data-filetitle=\"Og\u0142oszenie w sprawie wynajmu powierzchni biurowych na terenie PGE S.A.\" data-fileicons=\"ext ext-pdf wpfd-icon-set-svg\" \/>                    <td class=\"file_title\"><a class=\"wpfd_downloadlink\" href=\"https:\/\/www.pge.pl\/download\/12\/przetargi-i-ogloszenia\/3901\/ogloszenie-w-sprawie-wynajmu-powierzchni-biurowych-na-terenie-pge-s-a-2.pdf\"  title=\"Og\u0142oszenie w sprawie wynajmu powierzchni biurowych na terenie PGE S.A.\" target=\"\"><span class=\"extcol\"><span class=\"ext ext-pdf wpfd-icon-set-svg\"><\/span><\/span><span class=\"wpfd-file-crop-title\">Og\u0142oszenie w sprawie wynajmu powierzchni biurowych na terenie PGE S.A.<\/span><\/a><\/td><td class=\"file_desc\"><\/td>                                            <td class=\"file_download_tbl col-download\">                            <a class=\"downloadlink wpfd_downloadlink\"  href=\"https:\/\/www.pge.pl\/download\/12\/przetargi-i-ogloszenia\/3901\/ogloszenie-w-sprawie-wynajmu-powierzchni-biurowych-na-terenie-pge-s-a-2.pdf\"  style=\"background-color:rgba(35, 52, 117, 1);color:#ffffff;\" target=\"\">Download<i class=\"zmdi zmdi-cloud-download wpfd-download\"><\/i><\/a><a class=\"openlink wpfd_previewlink\" href=\"https:\/\/www.pge.pl\/wp-admin\/admin-ajax.php?juwpfisadmin=false&#038;action=wpfd&#038;task=file.download&#038;wpfd_category_id=12&#038;wpfd_file_id=3901&#038;token=&#038;preview=1\"  target=\"_blank\">Preview                            <i class=\"zmdi zmdi-filter-center-focus wpfd-preview\"><\/i>                        <\/a>                        <\/td>                                    <\/tr>                                        <\/tbody>        <\/table>            <\/div><\/div><\/div><\/div>\n\n\n<style>.wp-block-kadence-advancedheading.kt-adv-heading29_c8f74d-62, .wp-block-kadence-advancedheading.kt-adv-heading29_c8f74d-62[data-kb-block=\"kb-adv-heading29_c8f74d-62\"]{font-style:normal;}.wp-block-kadence-advancedheading.kt-adv-heading29_c8f74d-62 mark.kt-highlight, .wp-block-kadence-advancedheading.kt-adv-heading29_c8f74d-62[data-kb-block=\"kb-adv-heading29_c8f74d-62\"] mark.kt-highlight{font-style:normal;color:#f76a0c;-webkit-box-decoration-break:clone;box-decoration-break:clone;padding-top:0px;padding-right:0px;padding-bottom:0px;padding-left:0px;}.wp-block-kadence-advancedheading.kt-adv-heading29_c8f74d-62 img.kb-inline-image, .wp-block-kadence-advancedheading.kt-adv-heading29_c8f74d-62[data-kb-block=\"kb-adv-heading29_c8f74d-62\"] img.kb-inline-image{width:150px;vertical-align:baseline;}<\/style>\n<h3 class=\"kt-adv-heading29_c8f74d-62 wp-block-kadence-advancedheading\" data-kb-block=\"kb-adv-heading29_c8f74d-62\">OG\u0141OSZENIE O ZAM\u00d3WIENIU NA ZAPROJEKTOWANIE I WYBUDOWANIE HALI MAGAZYNOWEJ<\/h3>\n\n\n\n<div class=\"wp-block-wpfd-wpfd-category\"><\/div>\n\n\n<style>.wp-block-kadence-advancedheading.kt-adv-heading29_3aace9-d7, .wp-block-kadence-advancedheading.kt-adv-heading29_3aace9-d7[data-kb-block=\"kb-adv-heading29_3aace9-d7\"]{font-size:var(--global-kb-font-size-lg, 2rem);font-style:normal;}.wp-block-kadence-advancedheading.kt-adv-heading29_3aace9-d7 mark.kt-highlight, .wp-block-kadence-advancedheading.kt-adv-heading29_3aace9-d7[data-kb-block=\"kb-adv-heading29_3aace9-d7\"] mark.kt-highlight{font-style:normal;color:#f76a0c;-webkit-box-decoration-break:clone;box-decoration-break:clone;padding-top:0px;padding-right:0px;padding-bottom:0px;padding-left:0px;}.wp-block-kadence-advancedheading.kt-adv-heading29_3aace9-d7 img.kb-inline-image, .wp-block-kadence-advancedheading.kt-adv-heading29_3aace9-d7[data-kb-block=\"kb-adv-heading29_3aace9-d7\"] img.kb-inline-image{width:150px;vertical-align:baseline;}<\/style>\n<h2 class=\"kt-adv-heading29_3aace9-d7 wp-block-kadence-advancedheading\" data-kb-block=\"kb-adv-heading29_3aace9-d7\">Platforma zakupowa<br>Logintrade<\/h2>\n\n\n\n<p>Uruchomili\u015bmy w\u0142a\u015bnie konto na platformie zakupowej <a href=\"https:\/\/pge.logintrade.net\/rejestracja\/przetargi.html\" target=\"_blank\" rel=\"noreferrer noopener nofollow\">Logintrade<\/a>!<\/p>\n\n\n\n<p>Od teraz nasze zakupy biurowe, zaopatrzeniowe, ale tak\u017ce maszyn i wszelkiego rodzaju wyposa\u017cenia b\u0119d\u0105 dokonywane w\u0142a\u015bnie t\u0105 drog\u0105.<\/p>\n\n\n\n<p>Z platformy b\u0119dzie mo\u017cna si\u0119 r\u00f3wnie\u017c dowiedzie\u0107 o mo\u017cliwych do kupienia nadwy\u017ckach magazynowych, materia\u0142ach, maszynach, czy sprz\u0119cie.<\/p>\n\n\n\n<p>Zach\u0119camy wszystkich naszych obecnych i przysz\u0142ych kontrahent\u00f3w do do\u0142\u0105czenia do platformy Logintrade!<\/p>\n\n\n<div class=\"wp-block-image\">\n<figure class=\"aligncenter size-full\"><a href=\"https:\/\/pge.logintrade.net\/rejestracja\/przetargi.html\" target=\"_blank\" rel=\"noreferrer noopener nofollow\"><img loading=\"lazy\" decoding=\"async\" width=\"346\" height=\"43\" src=\"https:\/\/www.pge.pl\/wp-content\/uploads\/2019\/03\/logo-logintrade.png\" alt=\"\" class=\"wp-image-1364\" srcset=\"https:\/\/www.pge.pl\/wp-content\/uploads\/2019\/03\/logo-logintrade.png 346w, https:\/\/www.pge.pl\/wp-content\/uploads\/2019\/03\/logo-logintrade-300x37.png 300w\" sizes=\"auto, (max-width: 346px) 100vw, 346px\" \/><\/a><\/figure>\n<\/div>","protected":false},"excerpt":{"rendered":"<p>Aktualneprzetargi i og\u0142oszenia OG\u0141OSZENIE O ZAM\u00d3WIENIU NA ZAPROJEKTOWANIE I WYBUDOWANIE HALI MAGAZYNOWEJ Platforma zakupowaLogintrade Uruchomili\u015bmy w\u0142a\u015bnie konto na platformie zakupowej Logintrade! Od teraz nasze zakupy biurowe, zaopatrzeniowe, ale tak\u017ce maszyn i wszelkiego rodzaju wyposa\u017cenia b\u0119d\u0105 dokonywane w\u0142a\u015bnie t\u0105 drog\u0105. Z platformy b\u0119dzie mo\u017cna si\u0119 r\u00f3wnie\u017c dowiedzie\u0107 o mo\u017cliwych do kupienia nadwy\u017ckach magazynowych, materia\u0142ach, maszynach, czy&#8230;<\/p>","protected":false},"author":1,"featured_media":1362,"parent":0,"menu_order":0,"comment_status":"closed","ping_status":"closed","template":"","meta":{"_kad_blocks_custom_css":"","_kad_blocks_head_custom_js":"","_kad_blocks_body_custom_js":"","_kad_blocks_footer_custom_js":"","_kad_post_transparent":"","_kad_post_title":"","_kad_post_layout":"","_kad_post_sidebar_id":"","_kad_post_content_style":"","_kad_post_vertical_padding":"","_kad_post_feature":"","_kad_post_feature_position":"","_kad_post_header":false,"_kad_post_footer":false,"_kad_post_classname":"","footnotes":""},"class_list":["post-29","page","type-page","status-publish","has-post-thumbnail","hentry"],"taxonomy_info":[],"featured_image_src_large":["https:\/\/www.pge.pl\/wp-content\/uploads\/2019\/03\/przetargi-menu-banner-1024x133.jpg",1024,133,true],"author_info":{"display_name":"michal","author_link":"https:\/\/www.pge.pl\/en\/author\/michal\/"},"comment_info":0,"_links":{"self":[{"href":"https:\/\/www.pge.pl\/en\/wp-json\/wp\/v2\/pages\/29","targetHints":{"allow":["GET"]}}],"collection":[{"href":"https:\/\/www.pge.pl\/en\/wp-json\/wp\/v2\/pages"}],"about":[{"href":"https:\/\/www.pge.pl\/en\/wp-json\/wp\/v2\/types\/page"}],"author":[{"embeddable":true,"href":"https:\/\/www.pge.pl\/en\/wp-json\/wp\/v2\/users\/1"}],"replies":[{"embeddable":true,"href":"https:\/\/www.pge.pl\/en\/wp-json\/wp\/v2\/comments?post=29"}],"version-history":[{"count":5,"href":"https:\/\/www.pge.pl\/en\/wp-json\/wp\/v2\/pages\/29\/revisions"}],"predecessor-version":[{"id":4150,"href":"https:\/\/www.pge.pl\/en\/wp-json\/wp\/v2\/pages\/29\/revisions\/4150"}],"wp:featuredmedia":[{"embeddable":true,"href":"https:\/\/www.pge.pl\/en\/wp-json\/wp\/v2\/media\/1362"}],"wp:attachment":[{"href":"https:\/\/www.pge.pl\/en\/wp-json\/wp\/v2\/media?parent=29"}],"curies":[{"name":"wp","href":"https:\/\/api.w.org\/{rel}","templated":true}]}}