{"id":27,"date":"2023-06-13T14:06:44","date_gmt":"2023-06-13T12:06:44","guid":{"rendered":"https:\/\/www.pge.pl\/?page_id=27"},"modified":"2026-03-27T11:54:11","modified_gmt":"2026-03-27T10:54:11","slug":"reklamacje","status":"publish","type":"page","link":"https:\/\/www.pge.pl\/en\/reklamacje\/","title":{"rendered":"Complaints"},"content":{"rendered":"<h2 class=\"wp-block-heading\">We are deeply sorry!<\/h2>\n\n\n\n<p>Je\u015bli jednak konieczne jest zg\u0142oszenie reklamacji, prosimy o\u00a0 szczeg\u00f3\u0142owe wype\u0142nienie formularza i przes\u0142anie go na adres <a href=\"mailto:compilance@pge.pl\">compliance@pge.pl<\/a><\/p>\n\n\n\n<div class=\"wp-block-buttons is-layout-flex wp-block-buttons-is-layout-flex\">\n<div class=\"wp-block-button\"><a class=\"wp-block-button__link wp-element-button\" href=\"https:\/\/www.pge.pl\/wp-content\/uploads\/2019\/03\/Reklamacje.pdf\" target=\"_blank\" rel=\"noreferrer noopener\">Complaint Form<\/a><\/div>\n<\/div>\n\n\n\n<p><\/p>","protected":false},"excerpt":{"rendered":"<p>Jest nam niezmiernie przykro! Je\u015bli jednak konieczne jest zg\u0142oszenie reklamacji, prosimy o\u00a0 szczeg\u00f3\u0142owe wype\u0142nienie formularza i przes\u0142anie go na adres compliance@pge.pl<\/p>","protected":false},"author":1,"featured_media":1351,"parent":0,"menu_order":0,"comment_status":"closed","ping_status":"closed","template":"","meta":{"_kad_blocks_custom_css":"","_kad_blocks_head_custom_js":"","_kad_blocks_body_custom_js":"","_kad_blocks_footer_custom_js":"","_kad_post_transparent":"","_kad_post_title":"","_kad_post_layout":"","_kad_post_sidebar_id":"","_kad_post_content_style":"","_kad_post_vertical_padding":"","_kad_post_feature":"","_kad_post_feature_position":"","_kad_post_header":false,"_kad_post_footer":false,"_kad_post_classname":"","footnotes":""},"class_list":["post-27","page","type-page","status-publish","has-post-thumbnail","hentry"],"taxonomy_info":[],"featured_image_src_large":["https:\/\/www.pge.pl\/wp-content\/uploads\/2019\/03\/reklamacje-menu-banner-1024x133.jpg",1024,133,true],"author_info":{"display_name":"michal","author_link":"https:\/\/www.pge.pl\/en\/author\/michal\/"},"comment_info":0,"_links":{"self":[{"href":"https:\/\/www.pge.pl\/en\/wp-json\/wp\/v2\/pages\/27","targetHints":{"allow":["GET"]}}],"collection":[{"href":"https:\/\/www.pge.pl\/en\/wp-json\/wp\/v2\/pages"}],"about":[{"href":"https:\/\/www.pge.pl\/en\/wp-json\/wp\/v2\/types\/page"}],"author":[{"embeddable":true,"href":"https:\/\/www.pge.pl\/en\/wp-json\/wp\/v2\/users\/1"}],"replies":[{"embeddable":true,"href":"https:\/\/www.pge.pl\/en\/wp-json\/wp\/v2\/comments?post=27"}],"version-history":[{"count":1,"href":"https:\/\/www.pge.pl\/en\/wp-json\/wp\/v2\/pages\/27\/revisions"}],"predecessor-version":[{"id":4522,"href":"https:\/\/www.pge.pl\/en\/wp-json\/wp\/v2\/pages\/27\/revisions\/4522"}],"wp:featuredmedia":[{"embeddable":true,"href":"https:\/\/www.pge.pl\/en\/wp-json\/wp\/v2\/media\/1351"}],"wp:attachment":[{"href":"https:\/\/www.pge.pl\/en\/wp-json\/wp\/v2\/media?parent=27"}],"curies":[{"name":"wp","href":"https:\/\/api.w.org\/{rel}","templated":true}]}}