{"id":23,"date":"2023-06-13T14:06:23","date_gmt":"2023-06-13T12:06:23","guid":{"rendered":"https:\/\/www.pge.pl\/?page_id=23"},"modified":"2023-07-14T14:24:24","modified_gmt":"2023-07-14T12:24:24","slug":"e-faktura","status":"publish","type":"page","link":"https:\/\/www.pge.pl\/en\/e-faktura\/","title":{"rendered":"E - invoice"},"content":{"rendered":"<p>The possibility of receiving invoices in electronic form is a fast and secure way to obtain documented settlements for the services provided to you.<\/p>\n\n\n\n<p>E-invoices are delivered in the form of PDF files to the specified email addresses.<\/p>\n\n\n\n<p>If you wish to receive invoices in electronic form, please fill out the acceptance form for this method of invoice delivery and send it to PGE S.A. address or scan and email it to the addresses indicated in the regulations.<\/p>\n\n\n\n<p>Please also familiarize yourself with the mentioned regulations for sending invoices in electronic form.<\/p>\n\n\n\n<p>Zar\u00f3wno formularz, jak i regulamin mo\u017cna pobra\u0107 korzystaj\u0105c z przycisk\u00f3w \u201cPobierz\u201d lub&nbsp;odnale\u017a\u0107 dokumenty w zak\u0142adce \u201cStrefa Klienta\u201d w sekcji \u201cDo Pobrania\u201d.<\/p>\n\n\n\n<h2 class=\"wp-block-heading\">E-invoice - documents<\/h2>\n\n\n\n<div class=\"wp-block-wpfd-wpfd-category\"><script type=\"text\/x-handlebars-template\"        id=\"wpfd-template-table-categories-19\">    <div class=\"wpfd-categories hide\">{{#if category}}{{#with category}}{{#if parent}}<a class=\"catlink backcategory\" href=\"#\" data-idcat=\"{{parent}}\">                        <i class=\"zmdi zmdi-chevron-left\"><\/i><span>Back<\/span><\/a>{{\/if}}{{\/with}}{{\/if}}{{#if category.desc}}<div class=\"wpfd-category-desc\">{{category.desc}}<\/div>{{\/if}}<\/div><\/script><script type=\"text\/x-handlebars-template\" id=\"wpfd-template-table-19\">    {{#if files}}    {{#each files}}    <tr class=\"file {{class}} {{ext}}\" data-id=\"{{ID}}\" data-catid=\"{{catid}}\">        <input type=\"hidden\" class=\"wpfd_file_preview_link_download\" value=\"{{linkdownload}}\" data-filetitle=\"{{post_title}}\" data-fileicons=\"ext ext-{{ext}} wpfd-icon-set-svg\" \/>    <td class=\"file_title\"><a class=\"wpfd_downloadlink\" href=\"{{linkdownload}}\"  title=\"{{post_title}}\" target=\"{{#if remote_file}}_blank{{\/if}}\"><span class=\"extcol\">{{#if file_custom_icon}}<span class=\"icon-custom\"><img decoding=\"async\" src=\"{{file_custom_icon}}\"><\/span>{{else}}<span class=\"ext ext-{{ext}} wpfd-icon-set-svg\"><\/span>{{\/if}}<\/span><span class=\"wpfd-file-crop-title\">{{{crop_title}}}<\/span><\/a><\/td>                    <td class=\"col-download\">                <a class=\"downloadlink wpfd_downloadlink\"  href=\"{{linkdownload}}\"  style=\"background-color:rgba(35, 52, 117, 1);color:#ffffff;\" target=\"{{#if remote_file}}_blank{{\/if}}\">Download<i class=\"zmdi zmdi-cloud-download wpfd-download\"><\/i><\/a>{{#if openpdflink}}<a class=\"openlink wpfd_previewlink\" href=\"{{openpdflink}}\"  target=\"_blank\">Preview                            <i class=\"zmdi zmdi-filter-center-focus wpfd-preview\"><\/i>                        <\/a>{{else}}{{#if viewerlink}}<a                            href=\"{{viewerlink}}\"                                                        class=\"openlink wpfd_previewlink\"                            target=\"_blank\"                            data-id=\"{{ID}}\"                            data-catid=\"{{catid}}\"                            data-file-type=\"{{ext}}\">Preview<i class=\"zmdi zmdi-filter-center-focus wpfd-preview\"><\/i>                        <\/a>{{\/if}}{{\/if}}            <\/td>            <\/tr>    {{\/each}}    {{\/if}}<\/script><div class=\"wpfd-content wpfd-content-table wpfd-content-multi colstyle-hide wpfd-content-category-clouds\" data-category=\"19\"              style=\"background-color: rgba(255, 255, 255, 0);\"><input type=\"hidden\" id=\"current_category_19\" value=\"19\" \/>                    <input type=\"hidden\" id=\"current_category_slug_19\" value=\"e-faktura-dokumenty\" \/>                    <input type=\"hidden\" id=\"current_ordering_19\" value=\"ordering\" \/>                    <input type=\"hidden\" id=\"current_ordering_direction_19\" value=\"asc\" \/>                    <input type=\"hidden\" id=\"page_limit_19\" value=\"50\" \/><input type=\"hidden\" id=\"wpfd_display_empty_category_message\" value=\"0\" \/><input type=\"hidden\" id=\"wpfd_empty_category_message_val\" value=\"This file category has no files to display\" \/><input type=\"hidden\" id=\"wpfd_display_empty_folder\" value=\"0\" \/><input type=\"hidden\" id=\"wpfd_is_empty_subcategories\" value=\"1\" \/><input type=\"hidden\" id=\"wpfd_is_empty_files\" value=\"1\" \/><input type=\"hidden\" id=\"wpfd_root_category_id\" class=\"wpfd_root_category_id\" value=\"19\" \/><input type=\"hidden\" id=\"wpfd_root_category_theme\" class=\"wpfd_root_category_theme\" value=\"table\" \/><input type=\"hidden\" id=\"wpfd_root_category_clone_theme_type\" class=\"wpfd_root_category_clone_theme_type\" value=\"none\" \/><input type=\"hidden\" id=\"wpfd_root_category_type\" class=\"wpfd_root_category_type\" value=\"19\" \/><input type=\"hidden\" id=\"wpfd_category_notify_file_changes\" class=\"wpfd_category_notify_file_changes\" value=\"0\" \/><input type=\"hidden\" id=\"wpfd_global_notify_file_changes\" class=\"wpfd_global_notify_file_changes\" value=\"0\" \/><input type=\"hidden\" id=\"wpfd_download_selected\" class=\"wpfd_download_selected\" value=\"0\" \/><input type=\"hidden\" id=\"wpfd_user_login\" class=\"wpfd_user_login\" value=\"0\" \/><div class=\"wpfd-content-header-section\"><\/div><div class=\"wpfd-container\">        <div class=\"wpfd-open-tree\"><\/div>    <div class=\"wpfd-container-table\">        <div class=\"wpfd-categories hide\"><div class=\"wpfd-category-desc\"><\/div><\/div>        <table class=\"wpfd-search-result wpfd-table wpfd-table-bordered wpfd-table-striped wpfd-table-0 mediaTable wpfd-theme-rows\">            <thead>                <tr>                    <th class=\"essential persist file_title\">Title<\/th><th class=\"essential file_download file_download_tbl\">Download<\/th>                <\/tr>            <\/thead>            <tbody>                                            <tr class=\"file pdf\" data-id=\"3867\"                    data-catid=\"19\">                                        <input type=\"hidden\" class=\"wpfd_file_preview_link_download\" value=\"https:\/\/www.pge.pl\/download\/19\/e-faktura-dokumenty\/3867\/regulamin-e-faktur-2.pdf\"                           data-filetitle=\"Regulamin E-faktur\" data-fileicons=\"ext ext-pdf wpfd-icon-set-svg\" \/>                    <td class=\"file_title\"><a class=\"wpfd_downloadlink\" href=\"https:\/\/www.pge.pl\/en\/download\/19\/e-faktura-dokumenty\/3867\/regulamin-e-faktur-2.pdf\/\"  title=\"E-invoice regulations\" target=\"\"><span class=\"extcol\"><span class=\"ext ext-pdf wpfd-icon-set-svg\"><\/span><\/span><span class=\"wpfd-file-crop-title\">E-invoice regulations<\/span><\/a><\/td>                                            <td class=\"file_download_tbl col-download\">                            <a class=\"downloadlink wpfd_downloadlink\"  href=\"https:\/\/www.pge.pl\/en\/download\/19\/e-faktura-dokumenty\/3867\/regulamin-e-faktur-2.pdf\/\"  style=\"background-color:rgba(35, 52, 117, 1);color:#ffffff;\" target=\"\">Download<i class=\"zmdi zmdi-cloud-download wpfd-download\"><\/i><\/a><a class=\"openlink wpfd_previewlink\" href=\"https:\/\/www.pge.pl\/wp-admin\/admin-ajax.php?juwpfisadmin=false&#038;action=wpfd&#038;task=file.download&#038;wpfd_category_id=19&#038;wpfd_file_id=3867&#038;token=&#038;preview=1\"  target=\"_blank\">Preview                            <i class=\"zmdi zmdi-filter-center-focus wpfd-preview\"><\/i>                        <\/a>                        <\/td>                                    <\/tr>                                                            <tr class=\"file pdf\" data-id=\"3868\"                    data-catid=\"19\">                                        <input type=\"hidden\" class=\"wpfd_file_preview_link_download\" value=\"https:\/\/www.pge.pl\/download\/19\/e-faktura-dokumenty\/3868\/formularz-akceptacji-e-faktury-2.pdf\"                           data-filetitle=\"Formularz akceptacji E-faktury\" data-fileicons=\"ext ext-pdf wpfd-icon-set-svg\" \/>                    <td class=\"file_title\"><a class=\"wpfd_downloadlink\" href=\"https:\/\/www.pge.pl\/en\/download\/19\/e-faktura-dokumenty\/3868\/formularz-akceptacji-e-faktury-2.pdf\/\"  title=\"E-invoice Acceptance Form\" target=\"\"><span class=\"extcol\"><span class=\"ext ext-pdf wpfd-icon-set-svg\"><\/span><\/span><span class=\"wpfd-file-crop-title\">E-invoice Acceptance Form<\/span><\/a><\/td>                                            <td class=\"file_download_tbl col-download\">                            <a class=\"downloadlink wpfd_downloadlink\"  href=\"https:\/\/www.pge.pl\/en\/download\/19\/e-faktura-dokumenty\/3868\/formularz-akceptacji-e-faktury-2.pdf\/\"  style=\"background-color:rgba(35, 52, 117, 1);color:#ffffff;\" target=\"\">Download<i class=\"zmdi zmdi-cloud-download wpfd-download\"><\/i><\/a><a class=\"openlink wpfd_previewlink\" href=\"https:\/\/www.pge.pl\/wp-admin\/admin-ajax.php?juwpfisadmin=false&#038;action=wpfd&#038;task=file.download&#038;wpfd_category_id=19&#038;wpfd_file_id=3868&#038;token=&#038;preview=1\"  target=\"_blank\">Preview                            <i class=\"zmdi zmdi-filter-center-focus wpfd-preview\"><\/i>                        <\/a>                        <\/td>                                    <\/tr>                                                            <tr class=\"file pdf\" data-id=\"3869\"                    data-catid=\"19\">                                        <input type=\"hidden\" class=\"wpfd_file_preview_link_download\" value=\"https:\/\/www.pge.pl\/download\/19\/e-faktura-dokumenty\/3869\/formularz-cofniecia-akceptacji-e-faktury-2.pdf\"                           data-filetitle=\"Formularz cofni\u0119cia akceptacji E-faktury\" data-fileicons=\"ext ext-pdf wpfd-icon-set-svg\" \/>                    <td class=\"file_title\"><a class=\"wpfd_downloadlink\" href=\"https:\/\/www.pge.pl\/en\/download\/19\/e-faktura-dokumenty\/3869\/formularz-cofniecia-akceptacji-e-faktury-2.pdf\/\"  title=\"E-invoice Acceptance Withdrawal Form\" target=\"\"><span class=\"extcol\"><span class=\"ext ext-pdf wpfd-icon-set-svg\"><\/span><\/span><span class=\"wpfd-file-crop-title\">E-invoice Acceptance Withdrawal Form<\/span><\/a><\/td>                                            <td class=\"file_download_tbl col-download\">                            <a class=\"downloadlink wpfd_downloadlink\"  href=\"https:\/\/www.pge.pl\/en\/download\/19\/e-faktura-dokumenty\/3869\/formularz-cofniecia-akceptacji-e-faktury-2.pdf\/\"  style=\"background-color:rgba(35, 52, 117, 1);color:#ffffff;\" target=\"\">Download<i class=\"zmdi zmdi-cloud-download wpfd-download\"><\/i><\/a><a class=\"openlink wpfd_previewlink\" href=\"https:\/\/www.pge.pl\/wp-admin\/admin-ajax.php?juwpfisadmin=false&#038;action=wpfd&#038;task=file.download&#038;wpfd_category_id=19&#038;wpfd_file_id=3869&#038;token=&#038;preview=1\"  target=\"_blank\">Preview                            <i class=\"zmdi zmdi-filter-center-focus wpfd-preview\"><\/i>                        <\/a>                        <\/td>                                    <\/tr>                                        <\/tbody>        <\/table>            <\/div><\/div><\/div><\/div>","protected":false},"excerpt":{"rendered":"<p>Mo\u017cliwo\u015b\u0107 otrzymywania faktur w formie elektronicznej, to szybki i bezpieczny spos\u00f3b na&nbsp;otrzymanie udokumentowanych rozlicze\u0144 za wykonane dla Pa\u0144stwa us\u0142ugi. E \u2013 faktury dostarczane s\u0105 w postaci pliku PDF na wskazane adresy poczty elektronicznej. Je\u015bli chc\u0105 Pa\u0144stwo otrzymywa\u0107 faktury w formie elektronicznej, prosimy o wype\u0142nienie&nbsp;formularza akceptacji tego sposobu przesy\u0142ania faktur i odes\u0142anie go na adres PGE&#8230;<\/p>","protected":false},"author":1,"featured_media":1334,"parent":0,"menu_order":0,"comment_status":"closed","ping_status":"closed","template":"","meta":{"_kad_blocks_custom_css":"","_kad_blocks_head_custom_js":"","_kad_blocks_body_custom_js":"","_kad_blocks_footer_custom_js":"","_kad_post_transparent":"","_kad_post_title":"","_kad_post_layout":"","_kad_post_sidebar_id":"","_kad_post_content_style":"","_kad_post_vertical_padding":"","_kad_post_feature":"","_kad_post_feature_position":"","_kad_post_header":false,"_kad_post_footer":false,"_kad_post_classname":"","footnotes":""},"class_list":["post-23","page","type-page","status-publish","has-post-thumbnail","hentry"],"taxonomy_info":[],"featured_image_src_large":["https:\/\/www.pge.pl\/wp-content\/uploads\/2019\/03\/e-faktura-menu-banner-1024x133.jpg",1024,133,true],"author_info":{"display_name":"michal","author_link":"https:\/\/www.pge.pl\/en\/author\/michal\/"},"comment_info":0,"_links":{"self":[{"href":"https:\/\/www.pge.pl\/en\/wp-json\/wp\/v2\/pages\/23","targetHints":{"allow":["GET"]}}],"collection":[{"href":"https:\/\/www.pge.pl\/en\/wp-json\/wp\/v2\/pages"}],"about":[{"href":"https:\/\/www.pge.pl\/en\/wp-json\/wp\/v2\/types\/page"}],"author":[{"embeddable":true,"href":"https:\/\/www.pge.pl\/en\/wp-json\/wp\/v2\/users\/1"}],"replies":[{"embeddable":true,"href":"https:\/\/www.pge.pl\/en\/wp-json\/wp\/v2\/comments?post=23"}],"version-history":[{"count":3,"href":"https:\/\/www.pge.pl\/en\/wp-json\/wp\/v2\/pages\/23\/revisions"}],"predecessor-version":[{"id":4231,"href":"https:\/\/www.pge.pl\/en\/wp-json\/wp\/v2\/pages\/23\/revisions\/4231"}],"wp:featuredmedia":[{"embeddable":true,"href":"https:\/\/www.pge.pl\/en\/wp-json\/wp\/v2\/media\/1334"}],"wp:attachment":[{"href":"https:\/\/www.pge.pl\/en\/wp-json\/wp\/v2\/media?parent=23"}],"curies":[{"name":"wp","href":"https:\/\/api.w.org\/{rel}","templated":true}]}}