{"id":17,"date":"2023-06-13T14:05:35","date_gmt":"2023-06-13T12:05:35","guid":{"rendered":"https:\/\/www.pge.pl\/?page_id=17"},"modified":"2023-06-29T22:08:17","modified_gmt":"2023-06-29T20:08:17","slug":"strefa-klienta","status":"publish","type":"page","link":"https:\/\/www.pge.pl\/en\/strefa-klienta\/","title":{"rendered":"Customer zone"},"content":{"rendered":"<div class=\"wp-block-columns is-layout-flex wp-container-core-columns-is-layout-9d6595d7 wp-block-columns-is-layout-flex\">\n<div class=\"wp-block-column is-layout-flow wp-block-column-is-layout-flow\">\n<div class=\"regulation-container\">\n  <img decoding=\"async\" src=\"https:\/\/www.pge.pl\/wp-content\/uploads\/2019\/03\/strefaklienta-regulamin-01.jpg\" alt=\"Obrazek\" class=\"background-image\">\n  <div class=\"overlay\">\n    <div class=\"icon-wrapper\">\n      <img decoding=\"async\" src=\"https:\/\/www.pge.pl\/wp-content\/uploads\/2023\/06\/helmet.svg\" alt=\"Ikona\" class=\"icon\">\n    <\/div>\n    <h2 class=\"regulation-title\">Regulations<\/h2>\n    <p class=\"regulation-text\">Please familiarize yourself with our cooperation regulations.<\/p>\n    <a href=\"https:\/\/www.pge.pl\/en\/regulamin-wspolpracy\/\" class=\"read-more\">Read <span>&rarr;<\/span><\/a>\n  <\/div>\n<\/div>\n<\/div>\n\n\n\n<div class=\"wp-block-column is-layout-flow wp-block-column-is-layout-flow\">\n<div class=\"regulation-container\">\n  <img decoding=\"async\" src=\"https:\/\/www.pge.pl\/wp-content\/uploads\/2019\/03\/strefaklienta-dopobrania-01.jpg\" alt=\"Obrazek\" class=\"background-image\">\n  <div class=\"overlay\">\n    <div class=\"icon-wrapper\">\n      <img decoding=\"async\" src=\"https:\/\/www.pge.pl\/wp-content\/uploads\/2023\/06\/download-1.svg\" alt=\"Ikona\" class=\"icon\">\n    <\/div>\n    <h2 class=\"regulation-title\">To download<\/h2>\n    <p class=\"regulation-text\">Forms, instructions, regulations, certificates, and other downloadable documents.<\/p>\n    <a href=\"https:\/\/www.pge.pl\/en\/do-pobrania\/\" class=\"read-more\">Read <span>&rarr;<\/span><\/a>\n  <\/div>\n<\/div>\n<\/div>\n\n\n\n<div class=\"wp-block-column is-layout-flow wp-block-column-is-layout-flow\">\n<div class=\"regulation-container\">\n  <img decoding=\"async\" src=\"https:\/\/www.pge.pl\/wp-content\/uploads\/2019\/03\/strefaklienta-e-faktura-01.jpg\" alt=\"Obrazek\" class=\"background-image\">\n  <div class=\"overlay\">\n    <div class=\"icon-wrapper\">\n      <img decoding=\"async\" src=\"https:\/\/www.pge.pl\/wp-content\/uploads\/2023\/06\/download-pdf.svg\" alt=\"Ikona\" class=\"icon\">\n    <\/div>\n    <h2 class=\"regulation-title\">E-invoice<\/h2>\n    <p class=\"regulation-text\">\nFamiliarize yourself with the rules for using E-invoices.<\/p>\n    <a href=\"https:\/\/www.pge.pl\/en\/e-faktura\/\" class=\"read-more\">Read <span>&rarr;<\/span><\/a>\n  <\/div>\n<\/div>\n<\/div>\n<\/div>\n\n\n\n<div class=\"wp-block-columns is-layout-flex wp-container-core-columns-is-layout-9d6595d7 wp-block-columns-is-layout-flex\">\n<div class=\"wp-block-column is-layout-flow wp-block-column-is-layout-flow\">\n<div class=\"regulation-container\">\n  <img decoding=\"async\" src=\"https:\/\/www.pge.pl\/wp-content\/uploads\/2019\/03\/strefaklienta-certyfikaty-01.jpg\" alt=\"Obrazek\" class=\"background-image\">\n  <div class=\"overlay\">\n    <div class=\"icon-wrapper\">\n      <img decoding=\"async\" src=\"https:\/\/www.pge.pl\/wp-content\/uploads\/2023\/06\/secure-shield.svg\" alt=\"Ikona\" class=\"icon\">\n    <\/div>\n    <h2 class=\"regulation-title\">Certificates<\/h2>\n    <p class=\"regulation-text\">Please proceed to the download page for certificates related to the quality and safety of our services.<\/p>\n    <a href=\"https:\/\/www.pge.pl\/en\/certyfikaty\/\" class=\"read-more\">Read <span>&rarr;<\/span><\/a>\n  <\/div>\n<\/div>\n<\/div>\n\n\n\n<div class=\"wp-block-column is-layout-flow wp-block-column-is-layout-flow\">\n<div class=\"regulation-container\">\n  <img decoding=\"async\" src=\"https:\/\/www.pge.pl\/wp-content\/uploads\/2019\/03\/strefaklienta-reklamacje-01.jpg\" alt=\"Obrazek\" class=\"background-image\">\n  <div class=\"overlay\">\n    <div class=\"icon-wrapper\">\n      <img decoding=\"async\" src=\"https:\/\/www.pge.pl\/wp-content\/uploads\/2023\/06\/complaint.svg\" alt=\"Ikona\" class=\"icon\">\n    <\/div>\n    <h2 class=\"regulation-title\">Complaints<\/h2>\n    <p class=\"regulation-text\">How to file a complaint regarding the services provided by us.<\/p>\n    <a href=\"https:\/\/www.pge.pl\/en\/reklamacje\/\" class=\"read-more\">Read <span>&rarr;<\/span><\/a>\n  <\/div>\n<\/div>\n<\/div>\n\n\n\n<div class=\"wp-block-column is-layout-flow wp-block-column-is-layout-flow\"><\/div>\n<\/div>","protected":false},"excerpt":{"rendered":"<p>REGULAMIN Zapoznaj si\u0119 z naszym regulaminem wsp\u00f3\u0142pracy. Czytaj &rarr; DO POBRANIA Formularze, instrukcje, regulaminy, certyfikaty oraz inne dokumenty do pobrania. Czytaj &rarr; E-FAKTURA Zapoznaj si\u0119 z zasadami korzystania z E-faktury Czytaj &rarr; CERTYFIKATY Przejd\u017a do strony pobierania certyfikat\u00f3w zwi\u0105zanych z jako\u015bci\u0105 i bezpiecze\u0144stwem naszych us\u0142ug. Czytaj &rarr; REKLAMACJE Jak z\u0142o\u017cy\u0107 reklamacj\u0119 w zwi\u0105zku z wykonywanymi&#8230;<\/p>","protected":false},"author":1,"featured_media":1129,"parent":0,"menu_order":0,"comment_status":"closed","ping_status":"closed","template":"","meta":{"_kad_blocks_custom_css":"","_kad_blocks_head_custom_js":"","_kad_blocks_body_custom_js":"","_kad_blocks_footer_custom_js":"","_kad_post_transparent":"","_kad_post_title":"","_kad_post_layout":"","_kad_post_sidebar_id":"","_kad_post_content_style":"","_kad_post_vertical_padding":"","_kad_post_feature":"","_kad_post_feature_position":"","_kad_post_header":false,"_kad_post_footer":false,"_kad_post_classname":"","footnotes":""},"class_list":["post-17","page","type-page","status-publish","has-post-thumbnail","hentry"],"taxonomy_info":[],"featured_image_src_large":["https:\/\/www.pge.pl\/wp-content\/uploads\/2019\/03\/uslugi-menu-banner-1024x133.jpg",1024,133,true],"author_info":{"display_name":"michal","author_link":"https:\/\/www.pge.pl\/en\/author\/michal\/"},"comment_info":0,"_links":{"self":[{"href":"https:\/\/www.pge.pl\/en\/wp-json\/wp\/v2\/pages\/17","targetHints":{"allow":["GET"]}}],"collection":[{"href":"https:\/\/www.pge.pl\/en\/wp-json\/wp\/v2\/pages"}],"about":[{"href":"https:\/\/www.pge.pl\/en\/wp-json\/wp\/v2\/types\/page"}],"author":[{"embeddable":true,"href":"https:\/\/www.pge.pl\/en\/wp-json\/wp\/v2\/users\/1"}],"replies":[{"embeddable":true,"href":"https:\/\/www.pge.pl\/en\/wp-json\/wp\/v2\/comments?post=17"}],"version-history":[{"count":0,"href":"https:\/\/www.pge.pl\/en\/wp-json\/wp\/v2\/pages\/17\/revisions"}],"wp:featuredmedia":[{"embeddable":true,"href":"https:\/\/www.pge.pl\/en\/wp-json\/wp\/v2\/media\/1129"}],"wp:attachment":[{"href":"https:\/\/www.pge.pl\/en\/wp-json\/wp\/v2\/media?parent=17"}],"curies":[{"name":"wp","href":"https:\/\/api.w.org\/{rel}","templated":true}]}}