{"id":11,"date":"2023-06-13T14:04:24","date_gmt":"2023-06-13T12:04:24","guid":{"rendered":"https:\/\/www.pge.pl\/?page_id=11"},"modified":"2023-07-05T13:32:48","modified_gmt":"2023-07-05T11:32:48","slug":"o-nas","status":"publish","type":"page","link":"https:\/\/www.pge.pl\/en\/o-nas\/","title":{"rendered":"About us"},"content":{"rendered":"<div class=\"wp-block-columns is-layout-flex wp-container-core-columns-is-layout-9d6595d7 wp-block-columns-is-layout-flex\">\n<div class=\"wp-block-column container-about fadeInLeft is-layout-flow wp-block-column-is-layout-flow\">\n<figure class=\"wp-block-image size-full\"><img loading=\"lazy\" decoding=\"async\" width=\"490\" height=\"421\" src=\"https:\/\/www.pge.pl\/wp-content\/uploads\/2019\/03\/about-3-1.jpg\" alt=\"\" class=\"wp-image-877\" srcset=\"https:\/\/www.pge.pl\/wp-content\/uploads\/2019\/03\/about-3-1.jpg 490w, https:\/\/www.pge.pl\/wp-content\/uploads\/2019\/03\/about-3-1-300x258.jpg 300w\" sizes=\"auto, (max-width: 490px) 100vw, 490px\" \/><\/figure>\n\n\n\n<div class=\"about-img-box\">\n\n                 <span>Port of Gda\u0144sk<\/span>\n\n                <h3>Exploitation<\/h3>\n\n              <\/div>\n<\/div>\n\n\n\n<div class=\"wp-block-column fadeInRight is-layout-flow wp-block-column-is-layout-flow\">\n<h2 class=\"wp-block-heading\">We are the largest and most versatile transshipment operator in Polish seaports.<\/h2>\n\n\n\n<p>Port Gda\u0144ski Eksploatacja S.A. is a port operator company rendering services in reloading of goods in international trade, between maritime and inland (ship, barge) and land means of transport (cars, wagons).<\/p>\n\n\n\n<div class=\"wp-block-buttons is-layout-flex wp-block-buttons-is-layout-flex\">\n<div class=\"wp-block-button\"><a class=\"wp-block-button__link wp-element-button\" href=\"#wiecej\">More<\/a><\/div>\n<\/div>\n<\/div>\n<\/div>\n\n\n<style>.kb-row-layout-id_0f3bfa-fc > .kt-row-column-wrap{align-content:start;}:where(.kb-row-layout-id_0f3bfa-fc > .kt-row-column-wrap) > .wp-block-kadence-column{justify-content:start;}.kb-row-layout-id_0f3bfa-fc > .kt-row-column-wrap{column-gap:var(--global-kb-gap-md, 2rem);row-gap:var(--global-kb-gap-md, 2rem);max-width:var( --global-content-width, 1300px );padding-left:var(--global-content-edge-padding);padding-right:var(--global-content-edge-padding);padding-top:var(--global-kb-spacing-sm, 1.5rem);padding-bottom:var(--global-kb-spacing-sm, 1.5rem);}.kb-row-layout-id_0f3bfa-fc > .kt-row-column-wrap > div:not(.added-for-specificity){grid-column:initial;}.kb-row-layout-id_0f3bfa-fc > .kt-row-column-wrap{grid-template-columns:repeat(3, minmax(0, 1fr));}.kb-row-layout-id_0f3bfa-fc > .kt-row-layout-overlay{opacity:0.30;}@media all and (max-width: 1024px){.kb-row-layout-id_0f3bfa-fc > .kt-row-column-wrap > div:not(.added-for-specificity){grid-column:initial;}}@media all and (max-width: 1024px){.kb-row-layout-id_0f3bfa-fc > .kt-row-column-wrap{grid-template-columns:repeat(3, minmax(0, 1fr));}}@media all and (max-width: 767px){.kb-row-layout-id_0f3bfa-fc > .kt-row-column-wrap > div:not(.added-for-specificity){grid-column:initial;}.kb-row-layout-id_0f3bfa-fc > .kt-row-column-wrap{grid-template-columns:minmax(0, 1fr);}}<\/style><div class=\"kb-row-layout-wrap kb-row-layout-id_0f3bfa-fc alignnone wp-block-kadence-rowlayout\" id=\"wiecej\"><div class=\"kt-row-column-wrap kt-has-3-columns kt-row-layout-equal kt-tab-layout-inherit kt-mobile-layout-row kt-row-valign-top kt-inner-column-height-full kb-theme-content-width\">\n<style>.kadence-column_827f22-92 > .kt-inside-inner-col{padding-top:var(--global-kb-spacing-md, 2rem);padding-right:var(--global-kb-spacing-md, 2rem);padding-bottom:var(--global-kb-spacing-md, 2rem);padding-left:var(--global-kb-spacing-md, 2rem);}.kadence-column_827f22-92 > .kt-inside-inner-col,.kadence-column_827f22-92 > .kt-inside-inner-col:before{border-top-left-radius:0px;border-top-right-radius:0px;border-bottom-right-radius:0px;border-bottom-left-radius:0px;}.kadence-column_827f22-92 > .kt-inside-inner-col{column-gap:var(--global-kb-gap-sm, 1rem);}.kadence-column_827f22-92 > .kt-inside-inner-col{flex-direction:column;}.kadence-column_827f22-92 > .kt-inside-inner-col > .aligncenter{width:100%;}.kadence-column_827f22-92 > .kt-inside-inner-col:before{opacity:0.3;}.kadence-column_827f22-92{position:relative;}@media all and (max-width: 1024px){.kadence-column_827f22-92 > .kt-inside-inner-col{flex-direction:column;justify-content:center;}}@media all and (max-width: 767px){.kadence-column_827f22-92 > .kt-inside-inner-col{flex-direction:column;justify-content:center;}}<\/style>\n<div class=\"wp-block-kadence-column kadence-column_827f22-92 container-icon\" data-aos=\"fade-up\" data-aos-duration=\"600\" data-aos-delay=\"100\"><div class=\"kt-inside-inner-col\"><div class=\"wp-block-image\">\n<figure class=\"aligncenter size-full is-resized\"><img loading=\"lazy\" decoding=\"async\" src=\"https:\/\/www.pge.pl\/wp-content\/uploads\/2023\/06\/cargo-ship.svg\" alt=\"\" class=\"wp-image-2873\" width=\"58\" height=\"53\"\/><\/figure>\n<\/div>\n\n\n<h3 class=\"wp-block-heading has-text-align-center\">5 km Wharves<\/h3>\n\n\n\n<p class=\"has-text-align-center\">They are located along the entrance to the internal Gda\u0144sk Port, at the intersection of the main communication routes.<\/p>\n<\/div><\/div>\n\n\n<style>.kadence-column_d20e16-8d > .kt-inside-inner-col{padding-top:var(--global-kb-spacing-md, 2rem);padding-right:var(--global-kb-spacing-md, 2rem);padding-bottom:var(--global-kb-spacing-md, 2rem);padding-left:var(--global-kb-spacing-md, 2rem);}.kadence-column_d20e16-8d > .kt-inside-inner-col{border-top:0px solid var(--global-palette8, #F7FAFC);border-right:0px solid var(--global-palette8, #F7FAFC);border-bottom:0px solid var(--global-palette8, #F7FAFC);border-left:0px solid var(--global-palette8, #F7FAFC);}.kadence-column_d20e16-8d > .kt-inside-inner-col,.kadence-column_d20e16-8d > .kt-inside-inner-col:before{border-top-left-radius:0px;border-top-right-radius:0px;border-bottom-right-radius:0px;border-bottom-left-radius:0px;}.kadence-column_d20e16-8d > .kt-inside-inner-col{column-gap:var(--global-kb-gap-sm, 1rem);}.kadence-column_d20e16-8d > .kt-inside-inner-col{flex-direction:column;}.kadence-column_d20e16-8d > .kt-inside-inner-col > .aligncenter{width:100%;}.kadence-column_d20e16-8d > .kt-inside-inner-col:before{opacity:0.3;}.kadence-column_d20e16-8d{position:relative;}@media all and (max-width: 1024px){.kadence-column_d20e16-8d > .kt-inside-inner-col{border-top:0px solid var(--global-palette8, #F7FAFC);border-right:0px solid var(--global-palette8, #F7FAFC);border-bottom:0px solid var(--global-palette8, #F7FAFC);border-left:0px solid var(--global-palette8, #F7FAFC);flex-direction:column;justify-content:center;}}@media all and (max-width: 767px){.kadence-column_d20e16-8d > .kt-inside-inner-col{border-top:0px solid var(--global-palette8, #F7FAFC);border-right:0px solid var(--global-palette8, #F7FAFC);border-bottom:0px solid var(--global-palette8, #F7FAFC);border-left:0px solid var(--global-palette8, #F7FAFC);flex-direction:column;justify-content:center;}}<\/style>\n<div class=\"wp-block-kadence-column kadence-column_d20e16-8d container-icon\" data-aos=\"fade-up\" data-aos-duration=\"600\" data-aos-delay=\"300\"><div class=\"kt-inside-inner-col\"><div class=\"wp-block-image\">\n<figure class=\"aligncenter size-full is-resized\"><img loading=\"lazy\" decoding=\"async\" src=\"https:\/\/www.pge.pl\/wp-content\/uploads\/2023\/06\/delivery-truck.svg\" alt=\"\" class=\"wp-image-2875\" width=\"100\" height=\"53\"\/><\/figure>\n<\/div>\n\n\n<h3 class=\"wp-block-heading has-text-align-center\">Communication Hub<\/h3>\n\n\n\n<p class=\"has-text-align-center\">Convenient location and extensive road and rail infrastructure enable efficient transport of goods.<\/p>\n<\/div><\/div>\n\n\n<style>.kadence-column_4125b4-8d > .kt-inside-inner-col{padding-top:var(--global-kb-spacing-md, 2rem);padding-right:var(--global-kb-spacing-md, 2rem);padding-bottom:var(--global-kb-spacing-md, 2rem);padding-left:var(--global-kb-spacing-md, 2rem);}.kadence-column_4125b4-8d > .kt-inside-inner-col{border-top:0px solid var(--global-palette8, #F7FAFC);border-right:0px solid var(--global-palette8, #F7FAFC);border-bottom:0px solid var(--global-palette8, #F7FAFC);border-left:0px solid var(--global-palette8, #F7FAFC);}.kadence-column_4125b4-8d > .kt-inside-inner-col,.kadence-column_4125b4-8d > .kt-inside-inner-col:before{border-top-left-radius:0px;border-top-right-radius:0px;border-bottom-right-radius:0px;border-bottom-left-radius:0px;}.kadence-column_4125b4-8d > .kt-inside-inner-col{column-gap:var(--global-kb-gap-sm, 1rem);}.kadence-column_4125b4-8d > .kt-inside-inner-col{flex-direction:column;}.kadence-column_4125b4-8d > .kt-inside-inner-col > .aligncenter{width:100%;}.kadence-column_4125b4-8d > .kt-inside-inner-col:before{opacity:0.3;}.kadence-column_4125b4-8d{position:relative;}@media all and (max-width: 1024px){.kadence-column_4125b4-8d > .kt-inside-inner-col{border-top:0px solid var(--global-palette8, #F7FAFC);border-right:0px solid var(--global-palette8, #F7FAFC);border-bottom:0px solid var(--global-palette8, #F7FAFC);border-left:0px solid var(--global-palette8, #F7FAFC);flex-direction:column;justify-content:center;}}@media all and (max-width: 767px){.kadence-column_4125b4-8d > .kt-inside-inner-col{border-top:0px solid var(--global-palette8, #F7FAFC);border-right:0px solid var(--global-palette8, #F7FAFC);border-bottom:0px solid var(--global-palette8, #F7FAFC);border-left:0px solid var(--global-palette8, #F7FAFC);flex-direction:column;justify-content:center;}}<\/style>\n<div class=\"wp-block-kadence-column kadence-column_4125b4-8d container-icon\" data-aos=\"fade-up\" data-aos-duration=\"600\" data-aos-delay=\"700\"><div class=\"kt-inside-inner-col\"><div class=\"wp-block-image\">\n<figure class=\"aligncenter size-full is-resized\"><img loading=\"lazy\" decoding=\"async\" src=\"https:\/\/www.pge.pl\/wp-content\/uploads\/2023\/06\/secure-shield.svg\" alt=\"\" class=\"wp-image-2876\" width=\"52\" height=\"53\"\/><\/figure>\n<\/div>\n\n\n<h3 class=\"wp-block-heading has-text-align-center\">Quality Certificates<\/h3>\n\n\n\n<p class=\"has-text-align-center\">ISO 9001:2008, GMP+B3 and ISPS certificates are a guarantee of high quality and safety of our services.<\/p>\n<\/div><\/div>\n\n<\/div><\/div>\n\n\n<div class=\"wp-block-columns is-layout-flex wp-container-core-columns-is-layout-e0081fdd wp-block-columns-is-layout-flex\" style=\"padding-top:6em\">\n<div class=\"wp-block-column is-layout-flow wp-block-column-is-layout-flow\">\n<h2 class=\"wp-block-heading fadeInLeft has-larger-font-size\">Our offer<\/h2>\n<\/div>\n<\/div>\n\n\n\n<div class=\"wp-block-columns is-layout-flex wp-container-core-columns-is-layout-e0081fdd wp-block-columns-is-layout-flex\" style=\"padding-top:6em\">\n<div class=\"wp-block-column container-about fadeInLeft is-layout-flow wp-block-column-is-layout-flow\">\n<figure class=\"wp-block-image size-full\"><img loading=\"lazy\" decoding=\"async\" width=\"490\" height=\"421\" src=\"https:\/\/www.pge.pl\/wp-content\/uploads\/2019\/03\/nabrzeza-na-about-1.jpg\" alt=\"\" class=\"wp-image-894\" srcset=\"https:\/\/www.pge.pl\/wp-content\/uploads\/2019\/03\/nabrzeza-na-about-1.jpg 490w, https:\/\/www.pge.pl\/wp-content\/uploads\/2019\/03\/nabrzeza-na-about-1-300x258.jpg 300w\" sizes=\"auto, (max-width: 490px) 100vw, 490px\" \/><\/figure>\n\n\n\n<div class=\"about-img-box\">\n\n                 <span>Port of Gda\u0144sk<\/span>\n\n                <h3>Quays<\/h3>\n\n              <\/div>\n<\/div>\n\n\n\n<div class=\"wp-block-column fadeInRight is-layout-flow wp-block-column-is-layout-flow\">\n<h2 class=\"wp-block-heading\">We have 8 quays with a total operating length of 5 km located along the mouth of the Martwa Wis\u0142a river.<\/h2>\n\n\n\n<p>We have convenient access to the A1 Motorway, as well as the S7 and S6 roads. Two railway stations also enable efficient handling of goods in rail transportation. Click on the button below to learn more about the detailed technical conditions of each quay.<\/p>\n\n\n\n<div class=\"wp-block-buttons is-layout-flex wp-block-buttons-is-layout-flex\">\n<div class=\"wp-block-button\"><a class=\"wp-block-button__link wp-element-button\" href=\"https:\/\/www.pge.pl\/en\/nabrzeza\/\">More<\/a><\/div>\n<\/div>\n<\/div>\n<\/div>\n\n\n\n<div class=\"wp-block-columns is-layout-flex wp-container-core-columns-is-layout-e0081fdd wp-block-columns-is-layout-flex\" style=\"padding-top:6em\">\n<div class=\"wp-block-column container-about fadeInLeft is-layout-flow wp-block-column-is-layout-flow\">\n<figure class=\"wp-block-image size-full\"><img loading=\"lazy\" decoding=\"async\" width=\"490\" height=\"421\" src=\"https:\/\/www.pge.pl\/wp-content\/uploads\/2019\/03\/towary-na-about2.jpg\" alt=\"\" class=\"wp-image-1124\" srcset=\"https:\/\/www.pge.pl\/wp-content\/uploads\/2019\/03\/towary-na-about2.jpg 490w, https:\/\/www.pge.pl\/wp-content\/uploads\/2019\/03\/towary-na-about2-300x258.jpg 300w\" sizes=\"auto, (max-width: 490px) 100vw, 490px\" \/><\/figure>\n\n\n\n<div class=\"about-img-box\">\n\n                 <span>Port of Gda\u0144sk<\/span>\n\n                <h3>Goods and Services<\/h3>\n\n              <\/div>\n<\/div>\n\n\n\n<div class=\"wp-block-column fadeInRight is-layout-flow wp-block-column-is-layout-flow\">\n<h2 class=\"wp-block-heading\">As the most universal transshipment operator in Polish seaports, we offer a wide range of supported cargo groups and services.<\/h2>\n\n\n\n<p>We handle commodities such as coal and coke, steel and steel products, scrap metal, structures, machinery, automobiles, fertilizers, and many others. To learn more, click on the button below.<\/p>\n\n\n\n<div class=\"wp-block-buttons is-layout-flex wp-block-buttons-is-layout-flex\">\n<div class=\"wp-block-button\"><a class=\"wp-block-button__link wp-element-button\" href=\"https:\/\/www.pge.pl\/en\/towary-i-uslugi\/\">More<\/a><\/div>\n<\/div>\n<\/div>\n<\/div>","protected":false},"excerpt":{"rendered":"<p>Port Gda\u0144ski Eksploatacja Jeste\u015bmy najwi\u0119kszym i najbardziej uniwersalnym operatorem prze\u0142adunkowym w polskich portach morskich. Port Gda\u0144ski Eksploatacja S.A. jest portow\u0105 Sp\u00f3\u0142k\u0105 operatorsk\u0105 \u015bwiadcz\u0105c\u0105 us\u0142ugi w zakresie prze\u0142adunk\u00f3w towaru w obrocie mi\u0119dzynarodowym, pomi\u0119dzy morskimi i \u015br\u00f3dl\u0105dowymi (statek, barka), a l\u0105dowymi \u015brodkami transportu (samochody, wagony). 5 km Nabrze\u017cy Zlokalizowanych wzd\u0142u\u017c wej\u015bcia do wewn\u0119trznego Portu Gda\u0144sk, na przeci\u0119ciu&#8230;<\/p>","protected":false},"author":1,"featured_media":931,"parent":0,"menu_order":0,"comment_status":"closed","ping_status":"closed","template":"","meta":{"_kad_blocks_custom_css":"","_kad_blocks_head_custom_js":"","_kad_blocks_body_custom_js":"","_kad_blocks_footer_custom_js":"","_kad_post_transparent":"","_kad_post_title":"","_kad_post_layout":"","_kad_post_sidebar_id":"","_kad_post_content_style":"","_kad_post_vertical_padding":"","_kad_post_feature":"","_kad_post_feature_position":"","_kad_post_header":false,"_kad_post_footer":false,"_kad_post_classname":"","footnotes":""},"class_list":["post-11","page","type-page","status-publish","has-post-thumbnail","hentry"],"taxonomy_info":[],"featured_image_src_large":["https:\/\/www.pge.pl\/wp-content\/uploads\/2019\/03\/o-nas-banner-1024x133.jpg",1024,133,true],"author_info":{"display_name":"michal","author_link":"https:\/\/www.pge.pl\/en\/author\/michal\/"},"comment_info":0,"_links":{"self":[{"href":"https:\/\/www.pge.pl\/en\/wp-json\/wp\/v2\/pages\/11","targetHints":{"allow":["GET"]}}],"collection":[{"href":"https:\/\/www.pge.pl\/en\/wp-json\/wp\/v2\/pages"}],"about":[{"href":"https:\/\/www.pge.pl\/en\/wp-json\/wp\/v2\/types\/page"}],"author":[{"embeddable":true,"href":"https:\/\/www.pge.pl\/en\/wp-json\/wp\/v2\/users\/1"}],"replies":[{"embeddable":true,"href":"https:\/\/www.pge.pl\/en\/wp-json\/wp\/v2\/comments?post=11"}],"version-history":[{"count":1,"href":"https:\/\/www.pge.pl\/en\/wp-json\/wp\/v2\/pages\/11\/revisions"}],"predecessor-version":[{"id":3698,"href":"https:\/\/www.pge.pl\/en\/wp-json\/wp\/v2\/pages\/11\/revisions\/3698"}],"wp:featuredmedia":[{"embeddable":true,"href":"https:\/\/www.pge.pl\/en\/wp-json\/wp\/v2\/media\/931"}],"wp:attachment":[{"href":"https:\/\/www.pge.pl\/en\/wp-json\/wp\/v2\/media?parent=11"}],"curies":[{"name":"wp","href":"https:\/\/api.w.org\/{rel}","templated":true}]}}