{"id":15,"date":"2023-06-13T14:05:06","date_gmt":"2023-06-13T12:05:06","guid":{"rendered":"https:\/\/www.pge.pl\/?page_id=15"},"modified":"2023-06-29T22:00:49","modified_gmt":"2023-06-29T20:00:49","slug":"towary-i-uslugi","status":"publish","type":"page","link":"http:\/\/www.pge.pl\/en\/towary-i-uslugi\/","title":{"rendered":"Goods and Services"},"content":{"rendered":"<h2 class=\"wp-block-heading\">Offered services.<\/h2>\n\n\n\n<div class=\"wp-block-columns is-layout-flex wp-container-core-columns-is-layout-9d6595d7 wp-block-columns-is-layout-flex\">\n<div class=\"wp-block-column is-layout-flow wp-block-column-is-layout-flow\">\n<div class=\"flip-card\">\n  <div class=\"flip-card-inner\">\n    <div class=\"flip-card-front\">\n      <img decoding=\"async\" src=\"https:\/\/www.pge.pl\/wp-content\/uploads\/2023\/06\/crane.svg\" alt=\"Ikona\" style=\"width:100px;height:100px;\">\n      <h3>Transshipments<\/h3>\n    <\/div>\n    <div class=\"flip-card-back\">\n      <p>Transshipment between different modes of transportation (land and sea) is also carried out, facilitating the transfer of cargo between these modes.<\/p>\n    <\/div>\n  <\/div>\n<\/div>\n<\/div>\n\n\n\n<div class=\"wp-block-column is-layout-flow wp-block-column-is-layout-flow\">\n<div class=\"flip-card\">\n  <div class=\"flip-card-inner\">\n    <div class=\"flip-card-front\">\n      <img decoding=\"async\" src=\"https:\/\/www.pge.pl\/wp-content\/uploads\/2023\/06\/seat-belt.svg\" alt=\"Ikona\" style=\"width:100px;height:100px;\">\n      <h3>Mounting<\/h3>\n    <\/div>\n    <div class=\"flip-card-back\">\n      <p>Securing cargo on land and sea transport vehicles.<\/p>\n    <\/div>\n  <\/div>\n<\/div>\n<\/div>\n\n\n\n<div class=\"wp-block-column is-layout-flow wp-block-column-is-layout-flow\">\n<div class=\"flip-card\">\n  <div class=\"flip-card-inner\">\n    <div class=\"flip-card-front\">\n      <img decoding=\"async\" src=\"https:\/\/www.pge.pl\/wp-content\/uploads\/2023\/06\/warehouse.svg\" alt=\"Ikona\" style=\"width:100px;height:100px;\">\n      <h3>Storage<\/h3>\n    <\/div>\n    <div class=\"flip-card-back\">\n      <p>Cross-docking and long-term warehousing of goods.<\/p>\n    <\/div>\n  <\/div>\n<\/div>\n<\/div>\n<\/div>\n\n\n\n<div class=\"wp-block-columns is-layout-flex wp-container-core-columns-is-layout-9d6595d7 wp-block-columns-is-layout-flex\">\n<div class=\"wp-block-column is-layout-flow wp-block-column-is-layout-flow\">\n<div class=\"flip-card\">\n  <div class=\"flip-card-inner\">\n    <div class=\"flip-card-front\">\n      <img decoding=\"async\" src=\"https:\/\/www.pge.pl\/wp-content\/uploads\/2023\/06\/box.svg\" alt=\"Ikona\" style=\"width:100px;height:100px;\">\n      <h3>Service<\/h3>\n    <\/div>\n    <div class=\"flip-card-back\">\n      <p>Cargo handling involves various activities such as sorting, labeling, and repackaging of goods.<\/p>\n    <\/div>\n  <\/div>\n<\/div>\n<\/div>\n\n\n\n<div class=\"wp-block-column is-layout-flow wp-block-column-is-layout-flow\">\n<div class=\"flip-card\">\n  <div class=\"flip-card-inner\">\n    <div class=\"flip-card-front\">\n      <img decoding=\"async\" src=\"https:\/\/www.pge.pl\/wp-content\/uploads\/2023\/06\/anchor2.svg\" alt=\"Ikona\" style=\"width:100px;height:100px;\">\n      <h3>Mooring<\/h3>\n    <\/div>\n    <div class=\"flip-card-back\">\n      <p>Mooring - handling of various types of ships and vessels at the quay.<\/p>\n    <\/div>\n  <\/div>\n<\/div>\n<\/div>\n\n\n\n<div class=\"wp-block-column is-layout-flow wp-block-column-is-layout-flow\">\n<div class=\"flip-card\">\n  <div class=\"flip-card-inner\">\n    <div class=\"flip-card-front\">\n      <img decoding=\"async\" src=\"https:\/\/www.pge.pl\/wp-content\/uploads\/2023\/06\/customer.svg\" alt=\"Ikona\" style=\"width:100px;height:100px;\">\n      <h3>Konsulting<\/h3>\n    <\/div>\n    <div class=\"flip-card-back\">\n      <p>Consulting services - regarding the handling and securing of cargo in land and maritime transportation.<\/p>\n    <\/div>\n  <\/div>\n<\/div>\n<\/div>\n<\/div>\n\n\n\n<h2 class=\"wp-block-heading has-theme-palette-1-color has-text-color has-larger-font-size\">Supported cargo groups.<\/h2>\n\n\n\n<h2 class=\"wp-block-heading has-theme-palette-2-color has-text-color\">General cargo.<\/h2>\n\n\n\n<hr class=\"wp-block-separator has-text-color has-theme-palette-8-color has-alpha-channel-opacity has-theme-palette-8-background-color has-background is-style-wide\"\/>\n\n\n\n<div class=\"wp-block-columns is-layout-flex wp-container-core-columns-is-layout-9d6595d7 wp-block-columns-is-layout-flex\">\n<div class=\"wp-block-column is-layout-flow wp-block-column-is-layout-flow\" style=\"flex-basis:33.33%\">\n<div class=\"wp-block-columns is-layout-flex wp-container-core-columns-is-layout-9d6595d7 wp-block-columns-is-layout-flex\">\n<div class=\"wp-block-column is-layout-flow wp-block-column-is-layout-flow\">\n<figure class=\"wp-block-image size-full\"><img loading=\"lazy\" decoding=\"async\" width=\"500\" height=\"500\" src=\"https:\/\/www.pge.pl\/wp-content\/uploads\/2019\/03\/towary-drobnica-01.jpg\" alt=\"\" class=\"wp-image-1198\" srcset=\"https:\/\/www.pge.pl\/wp-content\/uploads\/2019\/03\/towary-drobnica-01.jpg 500w, https:\/\/www.pge.pl\/wp-content\/uploads\/2019\/03\/towary-drobnica-01-300x300.jpg 300w, https:\/\/www.pge.pl\/wp-content\/uploads\/2019\/03\/towary-drobnica-01-150x150.jpg 150w\" sizes=\"auto, (max-width: 500px) 100vw, 500px\" \/><\/figure>\n<\/div>\n\n\n\n<div class=\"wp-block-column is-layout-flow wp-block-column-is-layout-flow\">\n<figure class=\"wp-block-image size-full\"><img loading=\"lazy\" decoding=\"async\" width=\"500\" height=\"500\" src=\"https:\/\/www.pge.pl\/wp-content\/uploads\/2019\/03\/towary-drobnica-02.jpg\" alt=\"\" class=\"wp-image-1199\" srcset=\"https:\/\/www.pge.pl\/wp-content\/uploads\/2019\/03\/towary-drobnica-02.jpg 500w, https:\/\/www.pge.pl\/wp-content\/uploads\/2019\/03\/towary-drobnica-02-300x300.jpg 300w, https:\/\/www.pge.pl\/wp-content\/uploads\/2019\/03\/towary-drobnica-02-150x150.jpg 150w\" sizes=\"auto, (max-width: 500px) 100vw, 500px\" \/><\/figure>\n<\/div>\n\n\n\n<div class=\"wp-block-column is-layout-flow wp-block-column-is-layout-flow\">\n<figure class=\"wp-block-image size-full\"><img loading=\"lazy\" decoding=\"async\" width=\"500\" height=\"500\" src=\"https:\/\/www.pge.pl\/wp-content\/uploads\/2019\/03\/towary-drobnica-04.jpg\" alt=\"\" class=\"wp-image-1219\" srcset=\"https:\/\/www.pge.pl\/wp-content\/uploads\/2019\/03\/towary-drobnica-04.jpg 500w, https:\/\/www.pge.pl\/wp-content\/uploads\/2019\/03\/towary-drobnica-04-300x300.jpg 300w, https:\/\/www.pge.pl\/wp-content\/uploads\/2019\/03\/towary-drobnica-04-150x150.jpg 150w\" sizes=\"auto, (max-width: 500px) 100vw, 500px\" \/><\/figure>\n<\/div>\n<\/div>\n\n\n\n<figure class=\"wp-block-image size-full is-resized\"><img loading=\"lazy\" decoding=\"async\" src=\"https:\/\/www.pge.pl\/wp-content\/uploads\/2023\/06\/ikonyuslugi.svg\" alt=\"\" class=\"wp-image-2959\" width=\"405\" height=\"58\"\/><\/figure>\n<\/div>\n\n\n\n<div class=\"wp-block-column is-layout-flow wp-block-column-is-layout-flow\" style=\"flex-basis:66.66%\">\n<p>The modern handling capabilities contribute to the multifunctionality of the Port of Gda\u0144sk. An excellent example of this is the general cargo handling, which includes heavy and oversized pieces, as well as steel products and other goods packaged on pallets, big bags, or sacks.<\/p>\n\n\n\n<p>Conventional general cargo is handled at most of the quays. The Free Customs Zone quays specialize in the handling of citrus fruits and frozen fish. The Oliwskie, Wi\u015blane, and Basen G\u00f3rniczy quays predominantly handle steel products. They also handle heavy and oversized cargo. The Veterinary Control Border Posts located at the Wi\u015blane Graniczne Quay conduct detailed inspections of animal-origin goods in accordance with the current European Union standards. The infrastructure of PGE S.A. is also adapted to accommodate roll-on\/roll-off (ro-ro) vessels. Within the Free Customs Zone, there is a base for handling passenger cars. This location is particularly advantageous due to the possibility of storing cargo for an unlimited period of time without customs guarantees, quotas, duties, and taxes, as well as the customs clearance of cargo in batches.<\/p>\n<\/div>\n<\/div>\n\n\n\n<h2 class=\"wp-block-heading has-theme-palette-2-color has-text-color\">Coal and coke.<\/h2>\n\n\n\n<hr class=\"wp-block-separator has-text-color has-theme-palette-8-color has-alpha-channel-opacity has-theme-palette-8-background-color has-background is-style-wide\"\/>\n\n\n\n<div class=\"wp-block-columns is-layout-flex wp-container-core-columns-is-layout-9d6595d7 wp-block-columns-is-layout-flex\">\n<div class=\"wp-block-column is-layout-flow wp-block-column-is-layout-flow\" style=\"flex-basis:33.33%\">\n<div class=\"wp-block-columns is-layout-flex wp-container-core-columns-is-layout-9d6595d7 wp-block-columns-is-layout-flex\">\n<div class=\"wp-block-column is-layout-flow wp-block-column-is-layout-flow\">\n<figure class=\"wp-block-image size-full\"><img loading=\"lazy\" decoding=\"async\" width=\"500\" height=\"500\" src=\"https:\/\/www.pge.pl\/wp-content\/uploads\/2019\/03\/towary-wegiel-01.jpg\" alt=\"\" class=\"wp-image-1215\" srcset=\"https:\/\/www.pge.pl\/wp-content\/uploads\/2019\/03\/towary-wegiel-01.jpg 500w, https:\/\/www.pge.pl\/wp-content\/uploads\/2019\/03\/towary-wegiel-01-300x300.jpg 300w, https:\/\/www.pge.pl\/wp-content\/uploads\/2019\/03\/towary-wegiel-01-150x150.jpg 150w\" sizes=\"auto, (max-width: 500px) 100vw, 500px\" \/><\/figure>\n<\/div>\n\n\n\n<div class=\"wp-block-column is-layout-flow wp-block-column-is-layout-flow\">\n<figure class=\"wp-block-image size-full\"><img loading=\"lazy\" decoding=\"async\" width=\"500\" height=\"500\" src=\"https:\/\/www.pge.pl\/wp-content\/uploads\/2019\/03\/towary-wegiel-02.jpg\" alt=\"\" class=\"wp-image-1216\" srcset=\"https:\/\/www.pge.pl\/wp-content\/uploads\/2019\/03\/towary-wegiel-02.jpg 500w, https:\/\/www.pge.pl\/wp-content\/uploads\/2019\/03\/towary-wegiel-02-300x300.jpg 300w, https:\/\/www.pge.pl\/wp-content\/uploads\/2019\/03\/towary-wegiel-02-150x150.jpg 150w\" sizes=\"auto, (max-width: 500px) 100vw, 500px\" \/><\/figure>\n<\/div>\n\n\n\n<div class=\"wp-block-column is-layout-flow wp-block-column-is-layout-flow\">\n<figure class=\"wp-block-image size-full\"><img loading=\"lazy\" decoding=\"async\" width=\"500\" height=\"500\" src=\"https:\/\/www.pge.pl\/wp-content\/uploads\/2019\/03\/towary-wegiel-03.jpg\" alt=\"\" class=\"wp-image-1217\" srcset=\"https:\/\/www.pge.pl\/wp-content\/uploads\/2019\/03\/towary-wegiel-03.jpg 500w, https:\/\/www.pge.pl\/wp-content\/uploads\/2019\/03\/towary-wegiel-03-300x300.jpg 300w, https:\/\/www.pge.pl\/wp-content\/uploads\/2019\/03\/towary-wegiel-03-150x150.jpg 150w\" sizes=\"auto, (max-width: 500px) 100vw, 500px\" \/><\/figure>\n<\/div>\n<\/div>\n\n\n<div class=\"wp-block-image\">\n<figure class=\"alignleft size-full is-resized\"><img loading=\"lazy\" decoding=\"async\" src=\"https:\/\/www.pge.pl\/wp-content\/uploads\/2023\/06\/wegiel.svg\" alt=\"\" class=\"wp-image-2964\" width=\"60\" height=\"60\"\/><\/figure>\n<\/div><\/div>\n\n\n\n<div class=\"wp-block-column is-layout-flow wp-block-column-is-layout-flow\" style=\"flex-basis:66.66%\">\n<p>The handling of coal in PGE S.A. primarily takes place at the quays of the Basen G\u00f3rniczy (Mining Basin).<\/p>\n\n\n\n<p>The mechanization of the quays enables the handling of coal in both import and export operations. The Basen G\u00f3rniczy (Mining Basin) is known for its high efficiency in handling coal and direct access to a railway siding. <\/p>\n\n\n\n<p>The annual amount of coal handled by PGE S.A. would be sufficient for almost a whole year of operation for the power plants.<\/p>\n<\/div>\n<\/div>\n\n\n\n<h2 class=\"wp-block-heading has-theme-palette-2-color has-text-color\">Bulk commodities.<\/h2>\n\n\n\n<hr class=\"wp-block-separator has-text-color has-theme-palette-8-color has-alpha-channel-opacity has-theme-palette-8-background-color has-background is-style-wide\"\/>\n\n\n\n<div class=\"wp-block-columns is-layout-flex wp-container-core-columns-is-layout-9d6595d7 wp-block-columns-is-layout-flex\">\n<div class=\"wp-block-column is-layout-flow wp-block-column-is-layout-flow\" style=\"flex-basis:33.33%\">\n<div class=\"wp-block-columns is-layout-flex wp-container-core-columns-is-layout-9d6595d7 wp-block-columns-is-layout-flex\">\n<div class=\"wp-block-column is-layout-flow wp-block-column-is-layout-flow\">\n<figure class=\"wp-block-image size-full\"><img loading=\"lazy\" decoding=\"async\" width=\"500\" height=\"500\" src=\"https:\/\/www.pge.pl\/wp-content\/uploads\/2019\/03\/towary-masowe-02.jpg\" alt=\"\" class=\"wp-image-1221\" srcset=\"https:\/\/www.pge.pl\/wp-content\/uploads\/2019\/03\/towary-masowe-02.jpg 500w, https:\/\/www.pge.pl\/wp-content\/uploads\/2019\/03\/towary-masowe-02-300x300.jpg 300w, https:\/\/www.pge.pl\/wp-content\/uploads\/2019\/03\/towary-masowe-02-150x150.jpg 150w\" sizes=\"auto, (max-width: 500px) 100vw, 500px\" \/><\/figure>\n<\/div>\n\n\n\n<div class=\"wp-block-column is-layout-flow wp-block-column-is-layout-flow\">\n<figure class=\"wp-block-image size-full\"><img loading=\"lazy\" decoding=\"async\" width=\"500\" height=\"500\" src=\"https:\/\/www.pge.pl\/wp-content\/uploads\/2019\/03\/towary-drobnica-03.jpg\" alt=\"\" class=\"wp-image-1200\" srcset=\"https:\/\/www.pge.pl\/wp-content\/uploads\/2019\/03\/towary-drobnica-03.jpg 500w, https:\/\/www.pge.pl\/wp-content\/uploads\/2019\/03\/towary-drobnica-03-300x300.jpg 300w, https:\/\/www.pge.pl\/wp-content\/uploads\/2019\/03\/towary-drobnica-03-150x150.jpg 150w\" sizes=\"auto, (max-width: 500px) 100vw, 500px\" \/><\/figure>\n<\/div>\n\n\n\n<div class=\"wp-block-column is-layout-flow wp-block-column-is-layout-flow\"><\/div>\n<\/div>\n\n\n<div class=\"wp-block-image\">\n<figure class=\"alignleft size-full is-resized\"><img loading=\"lazy\" decoding=\"async\" src=\"https:\/\/www.pge.pl\/wp-content\/uploads\/2023\/06\/towarymasoweikony.svg\" alt=\"\" class=\"wp-image-2967\" width=\"404\" height=\"126\"\/><\/figure>\n<\/div><\/div>\n\n\n\n<div class=\"wp-block-column is-layout-flow wp-block-column-is-layout-flow\" style=\"flex-basis:66.66%\">\n<p>The most diverse group of goods in terms of species in the port is constituted by the remaining bulk commodities. They include items such as aggregates, granulated sulfur, biomass, lime, clinker, bentonite, phosphates, and molasses.<\/p>\n\n\n\n<p>Over the past 3 years, the Port of Gda\u0144sk has handled enough aggregates to construct a 163 km highway, which is equivalent to the distance between Gda\u0144sk and Toru\u0144. <\/p>\n\n\n\n<p>The versatility of quipment at the quays allows for the handling of goods from this group at multiple locations within the Inner Port simultaneously.<\/p>\n<\/div>\n<\/div>","protected":false},"excerpt":{"rendered":"<p>Oferowane us\u0142ugi Prze\u0142adunki Prze\u0142adunki pomi\u0119dzy r\u00f3\u017cnymi \u015brodkami transportu (l\u0105dowymi i morskimi) Mocowanie Mocowanie \u0142adunk\u00f3w na \u015brodkach transportu l\u0105dowego i morskiego Sk\u0142adowanie Sk\u0142adowanie towar\u00f3w mi\u0119dzyprze\u0142adunkowe i d\u0142ugoterminowe sk\u0142adowanie towar\u00f3w Obs\u0142uga Obs\u0142uga \u0142adunk\u00f3w manipulacje \u0142adunkami, w tym sortowanie, znakowanie i przepakowywanie Cumowanie Cumowanie &#8211; obs\u0142uga nabrze\u017cna r\u00f3\u017cnego rodzaj\u00f3w statk\u00f3w i jednostek Konsulting Us\u0142ugi konsultingowe &#8211; odno\u015bnie obs\u0142ugi&#8230;<\/p>","protected":false},"author":1,"featured_media":1129,"parent":0,"menu_order":0,"comment_status":"closed","ping_status":"closed","template":"","meta":{"_kad_blocks_custom_css":"","_kad_blocks_head_custom_js":"","_kad_blocks_body_custom_js":"","_kad_blocks_footer_custom_js":"","_kad_post_transparent":"","_kad_post_title":"","_kad_post_layout":"","_kad_post_sidebar_id":"","_kad_post_content_style":"","_kad_post_vertical_padding":"","_kad_post_feature":"","_kad_post_feature_position":"","_kad_post_header":false,"_kad_post_footer":false,"_kad_post_classname":"","footnotes":""},"class_list":["post-15","page","type-page","status-publish","has-post-thumbnail","hentry"],"taxonomy_info":[],"featured_image_src_large":["https:\/\/www.pge.pl\/wp-content\/uploads\/2019\/03\/uslugi-menu-banner-1024x133.jpg",1024,133,true],"author_info":{"display_name":"michal","author_link":"http:\/\/www.pge.pl\/en\/author\/michal\/"},"comment_info":0,"_links":{"self":[{"href":"http:\/\/www.pge.pl\/en\/wp-json\/wp\/v2\/pages\/15","targetHints":{"allow":["GET"]}}],"collection":[{"href":"http:\/\/www.pge.pl\/en\/wp-json\/wp\/v2\/pages"}],"about":[{"href":"http:\/\/www.pge.pl\/en\/wp-json\/wp\/v2\/types\/page"}],"author":[{"embeddable":true,"href":"http:\/\/www.pge.pl\/en\/wp-json\/wp\/v2\/users\/1"}],"replies":[{"embeddable":true,"href":"http:\/\/www.pge.pl\/en\/wp-json\/wp\/v2\/comments?post=15"}],"version-history":[{"count":0,"href":"http:\/\/www.pge.pl\/en\/wp-json\/wp\/v2\/pages\/15\/revisions"}],"wp:featuredmedia":[{"embeddable":true,"href":"http:\/\/www.pge.pl\/en\/wp-json\/wp\/v2\/media\/1129"}],"wp:attachment":[{"href":"http:\/\/www.pge.pl\/en\/wp-json\/wp\/v2\/media?parent=15"}],"curies":[{"name":"wp","href":"https:\/\/api.w.org\/{rel}","templated":true}]}}